{"id":1908,"date":"2024-01-17T14:04:23","date_gmt":"2024-01-17T14:04:23","guid":{"rendered":"http:\/\/myshellty.com\/?page_id=1908"},"modified":"2024-02-27T17:49:59","modified_gmt":"2024-02-27T17:49:59","slug":"guia-de-tamanhos","status":"publish","type":"page","link":"https:\/\/myshellty.com\/en\/guia-de-tamanhos\/","title":{"rendered":"Size Guide"},"content":{"rendered":"<div id=\"size-guide\"  data-column-margin=\"default\" data-midnight=\"dark\" data-top-percent=\"6%\" data-bottom-percent=\"2%\"  class=\"wpb_row vc_row-fluid vc_row\"  style=\"padding-top: calc(100vw * 0.06); padding-bottom: calc(100vw * 0.02); \"><div class=\"row-bg-wrap\" data-bg-animation=\"none\" data-bg-animation-delay=\"\" data-bg-overlay=\"false\"><div class=\"inner-wrap row-bg-layer\" ><div class=\"row-bg viewport-desktop\"  style=\"\"><\/div><\/div><\/div><div class=\"row_col_wrap_12 col span_12 dark left\">\n\t<div  class=\"vc_col-sm-12 wpb_column column_container vc_column_container col no-extra-padding inherit_tablet inherit_phone\"  data-padding-pos=\"all\" data-has-bg-color=\"false\" data-bg-color=\"\" data-bg-opacity=\"1\" data-animation=\"\" data-delay=\"0\" >\n\t\t<div class=\"vc_column-inner\" >\n\t\t\t<div class=\"wpb_wrapper\">\n\t\t\t\t\n<div class=\"wpb_text_column wpb_content_element\" >\n\t<div class=\"wpb_wrapper\">\n\t\t<h1><strong>Size Guide<br \/>\n<\/strong><\/h1>\n\t<\/div>\n<\/div>\n\n\n\n<div class=\"divider-wrap\" data-alignment=\"default\"><div style=\"margin-top: 40px; height: 2px; margin-bottom: 40px;\" data-width=\"100%\" data-animate=\"\" data-animation-delay=\"\" data-color=\"extra-color-2\" class=\"divider-border\"><\/div><\/div>\n<div class=\"wpb_text_column wpb_content_element  vc_custom_1705500410790\" >\n\t<div class=\"wpb_wrapper\">\n\t\t<h3>Choose the ideal size for your comfort<\/h3>\n\t<\/div>\n<\/div>\n\n\n\n\n<div class=\"wpb_text_column wpb_content_element  vc_custom_1705500420786\" >\n\t<div class=\"wpb_wrapper\">\n\t\t<div class=\"wpb_text_column wpb_content_element vc_custom_1692633205358\">\n<div class=\"wpb_wrapper\">\n<p>Beds and mattresses come in different sizes, so you should always pay attention to the characteristics of your bed.<\/p>\n<p>To choose the ideal size for your sheets or duvets\/bedspreads, use the width of your mattress as a reference.<\/p>\n<\/div>\n<\/div>\n\t<\/div>\n<\/div>\n\n\n\n<div id=\"fws_6a04784548af3\" data-midnight=\"\" data-column-margin=\"default\" class=\"wpb_row vc_row-fluid vc_row inner_row\"  style=\"\"><div class=\"row-bg-wrap\"> <div class=\"row-bg\" ><\/div> <\/div><div class=\"row_col_wrap_12_inner col span_12  left\">\n\t<div style=\" color: #4b7862;\" class=\"vc_col-sm-6 wpb_column column_container vc_column_container col child_column no-extra-padding inherit_tablet inherit_phone\" data-cfc=\"true\"  data-padding-pos=\"all\" data-has-bg-color=\"false\" data-bg-color=\"\" data-bg-opacity=\"1\" data-animation=\"\" data-delay=\"0\" >\n\t\t<div class=\"vc_column-inner\" >\n\t\t<div class=\"wpb_wrapper\">\n\t\t\t\n\t<div class=\"wpb_raw_code wpb_raw_html wpb_content_element\" >\n\t\t<div class=\"wpb_wrapper\">\n\t\t\t<div style=\"overflow-x:auto;\">\n<table class=\"comparison-table-sk\">\n        <colgroup>\n            <col>\n            <col span=\"1\" class=\"\">\n        <\/colgroup>\n        <thead>\n            <tr>\n                <td class=\"comparison-table-data-th--sk0\"><img decoding=\"async\" class=\"logo-compare\" src=\"https:\/\/myshellty.com\/wp-content\/uploads\/2024\/01\/redes-sociais-shellty-kids_logo-sk-main.png\" alt=\"\" title=\"\"><\/td>\n                    <th class=\"comparison-table-data-th-sk\" scope=\"col\">Shellty Kids<\/th>\n                    <th class=\"comparison-table-data-th-sk\" scope=\"col\">Shellty Kids Baby<\/th>\n                    <th class=\"comparison-table-data-th-sk\" scope=\"col\">Shellty Kids Single<\/th>\n            <\/tr>\n        <\/thead>\n        <tbody>\n            <tr>\n                <th class=\"comparison-table-data-left-sk\" scope=\"row\">Sizes<\/th>\n                    <td class=\"comparison-table-data-sk\">60x120cm | 70x160cm | 90x200cm<\/td>\n                    <td class=\"comparison-table-data-sk\">60x120cm | 70x160cm <\/td>\n                    <td class=\"comparison-table-data-sk\"> 90\u00d7200cm<\/td>\n            <\/tr>\n            <tr>\n                <th class=\"comparison-table-data-left-sk\" scope=\"row\">Sheets<\/th>\n                    <td class=\"comparison-table-data-sk\" aria-label=\"true\"><span class=\"checkmark\">1<\/span><\/td>\n                    <td class=\"comparison-table-data-sk\" aria-label=\"true\"><span class=\"checkmark\">2<\/span><\/td>\n                    <td class=\"comparison-table-data-sk\" aria-label=\"true\"><span class=\"checkmark\">1<\/span><\/td>\n            <\/tr>\n            <tr>\n                <th class=\"comparison-table-data-left-sk\" scope=\"row\">Pillowcase<\/th>\n                    <td class=\"comparison-table-data-sk\"><img decoding=\"async\" class=\"green-png-icon\" style=\"width: 12px;  margin: auto !important;\" src=\"https:\/\/myshellty.com\/wp-content\/uploads\/2024\/01\/xmark-solid-01.png\" alt=\"\" title=\"\"><\/td>\n                    <td class=\"comparison-table-data-sk\"><img decoding=\"async\" class=\"green-png-icon\" style=\"width: 12px;  margin: auto !important;\" src=\"https:\/\/myshellty.com\/wp-content\/uploads\/2024\/01\/xmark-solid-01.png\" alt=\"\" title=\"\"><\/td>\n                    <td class=\"comparison-table-data-sk\">Shellty Pillowcase 50x70cm<\/td>\n            <\/tr>\n\n            <tr>\n                <th class=\"comparison-table-data-left-sk\" scope=\"row\">Free Delivery<\/th>\n                    <td class=\"comparison-table-data-sk\" aria-label=\"true\"><i class=\"fa-solid fa-check\"><\/i><\/td>\n                    <td class=\"comparison-table-data-sk\" aria-label=\"true\"><i class=\"fa-solid fa-check\"><\/i><\/td>\n                    <td class=\"comparison-table-data-sk\" aria-label=\"true\"><i class=\"fa-solid fa-check\"><\/i><\/td>\n            <\/tr>\n\n        <\/tbody>\n        <tfoot>\n            <tr>\n                <th class=\"comparison-table-data-left-price\" scope=\"row\">Price<\/th>\n                    <td class=\"comparison-table-data-price\">\u20ac65.87 \u2013 \u20ac97.85 VAT Included<\/td>\n                    <td class=\"comparison-table-data-price\">\u20ac115.35 \u2013 \u20ac121.36 VAT Included<\/td>\n                    <td class=\"comparison-table-data-price\">\u20ac126.14 VAT Included<\/td>\n            <\/tr>\n        <\/tfoot>\n    <\/table>\n<\/div>\n\t\t<\/div>\n\t<\/div>\n\n\t\t<\/div> \n\t<\/div>\n\t<\/div> \n\n\t<div  class=\"vc_col-sm-6 wpb_column column_container vc_column_container col child_column no-extra-padding inherit_tablet inherit_phone\"   data-padding-pos=\"all\" data-has-bg-color=\"false\" data-bg-color=\"\" data-bg-opacity=\"1\" data-animation=\"\" data-delay=\"0\" >\n\t\t<div class=\"vc_column-inner\" >\n\t\t<div class=\"wpb_wrapper\">\n\t\t\t\n\t<div class=\"wpb_raw_code wpb_raw_html wpb_content_element\" >\n\t\t<div class=\"wpb_wrapper\">\n\t\t\t<div style=\"overflow-x:auto;\">\n<table class=\"comparison-table\">\n        <colgroup>\n            <col>\n            <col span=\"1\" class=\"lucid-compare\">\n        <\/colgroup>\n        <thead>\n            <tr>\n                <td class=\"comparison-table-data-th-0\"><img decoding=\"async\" class=\"logo-compare\" src=\"https:\/\/myshellty.com\/wp-content\/uploads\/2024\/01\/redes-sociais-shellty-pro-care_logo-spc-main.png\" alt=\"\" title=\"\"><\/td>\n                    <th class=\"comparison-table-data-th\" scope=\"col\">Shellty Pro Care<\/th>\n                    <th class=\"comparison-table-data-th\" scope=\"col\">Shellty Pro Care Single<\/th>\n                    <th class=\"comparison-table-data-th\" scope=\"col\">Shellty Pro Care Double<\/th>\n            <\/tr>\n        <\/thead>\n        <tbody>\n            <tr>\n                <th class=\"comparison-table-data-left\" scope=\"row\">Sizes<\/th>\n                    <td class=\"comparison-table-data\">90x200cm ou 150x200cm<\/td>\n                    <td class=\"comparison-table-data\">90x200cm<\/td>\n                    <td class=\"comparison-table-data\"> 150x200cm<\/td>\n            <\/tr>\n            <tr>\n                <th class=\"comparison-table-data-left\" scope=\"row\">Pillowcase<\/th>\n                    <td class=\"comparison-table-data\"><img decoding=\"async\" style=\"width: 12px;  margin: auto !important;\" src=\"https:\/\/myshellty.com\/wp-content\/uploads\/2024\/01\/xmark-solid-01.png\" alt=\"\" title=\"\"><\/td>\n                    <td class=\"comparison-table-data\">Shellty Pillowcase 50x70cm<\/td>\n                    <td class=\"comparison-table-data\">2 Pillowcases 50x70cm<\/td>\n            <\/tr>\n            <tr>\n                <th class=\"comparison-table-data-left\" scope=\"row\">Shellty Neutral<\/th>\n                    <td class=\"comparison-table-data\" aria-label=\"true\"><img decoding=\"async\" style=\"width: 12px;  margin: auto !important;\" src=\"https:\/\/myshellty.com\/wp-content\/uploads\/2024\/01\/xmark-solid-01.png\" alt=\"\" title=\"\"><\/td>\n                    <td class=\"comparison-table-data\" aria-label=\"true\"><i class=\"fa-solid fa-check\"><\/i><\/td>\n                    <td class=\"comparison-table-data\" aria-label=\"true\"><i class=\"fa-solid fa-check\"><\/i><\/td>\n            <\/tr>\n            <tr>\n                <th class=\"comparison-table-data-left\" scope=\"row\">Free Delivery<\/th>\n                    <td class=\"comparison-table-data\" aria-label=\"true\"><i class=\"fa-solid fa-check\"><\/i><\/td>\n                    <td class=\"comparison-table-data\" aria-label=\"true\"><i class=\"fa-solid fa-check\"><\/i><\/td>\n                    <td class=\"comparison-table-data\" aria-label=\"true\"><i class=\"fa-solid fa-check\"><\/i><\/td>\n            <\/tr>\n\n        <\/tbody>\n        <tfoot>\n            <tr>\n                <th class=\"comparison-table-data-left-SPC-price\" scope=\"row\">Price<\/th>\n                    <td class=\"comparison-table-data-SPC-price\">\u20ac97.17 \u2013 \u20ac114.16 VAT Included<\/td>\n                    <td class=\"comparison-table-data-SPC-price\">\u20ac159.90 VAT Included<\/td>\n                    <td class=\"comparison-table-data-SPC-price\">\u20ac169.90 VAT Included<\/td>\n            <\/tr>\n        <\/tfoot>\n    <\/table>\n<\/div>\n\t\t<\/div>\n\t<\/div>\n\n\t\t<\/div> \n\t<\/div>\n\t<\/div> \n<\/div><\/div><div id=\"fws_6a04784549905\" data-midnight=\"\" data-column-margin=\"default\" class=\"wpb_row vc_row-fluid vc_row inner_row\"  style=\"padding-top: 40px; \"><div class=\"row-bg-wrap\"> <div class=\"row-bg\" ><\/div> <\/div><div class=\"row_col_wrap_12_inner col span_12  left\">\n\t<div  class=\"vc_col-sm-12 wpb_column column_container vc_column_container col child_column no-extra-padding inherit_tablet inherit_phone\"   data-padding-pos=\"all\" data-has-bg-color=\"false\" data-bg-color=\"\" data-bg-opacity=\"1\" data-animation=\"\" data-delay=\"0\" >\n\t\t<div class=\"vc_column-inner\" >\n\t\t<div class=\"wpb_wrapper\">\n\t\t\t\n<div class=\"wpb_text_column wpb_content_element  vc_custom_1705500430093\" >\n\t<div class=\"wpb_wrapper\">\n\t\t<h3>Sheet Measurements<\/h3>\n\t<\/div>\n<\/div>\n\n\n\n\n\t<div class=\"wpb_raw_code wpb_raw_html wpb_content_element\" >\n\t\t<div class=\"wpb_wrapper\">\n\t\t\t<div class=\"scroll\">\n<table id=\"guia-tamanho\">\n<thead>\n<tr>\n<td class=\"head\" width=\"19%\" style=\"padding-bottom: 4%;\">Size<\/td>\n<td class=\"head\" width=\"23%\">Mattress<\/td>\n<td class=\"head\" width=\"31%\">Sheet<\/td>\n<td class=\"head\" width=\"27%\">Adjustable Sheet<\/td>\n<\/tr>\n<\/thead>\n<tbody>\n<tr class=\"ttop\">\n<td class=\"main\" rowspan=\"2\">Single Bed<\/a><\/td>\n<td>90<span class=\"tgrey\">x200<\/span><\/td>\n<td><nobr>160 a 180<\/nobr> <span class=\"tgrey\">x 2XX<\/span><\/td>\n<td>90 <span class=\"tgrey\">x 200<\/span><\/td>\n<\/tr>\n<tr class=\"tbreack\">\n<td>105<span class=\"tgrey\">x200<\/span><\/td>\n<td>180 <span class=\"tgrey\">x 2XX<\/span><\/td>\n<td>105 <span class=\"tgrey\">x 200<\/span><\/td>\n<\/tr>\n<tr class=\"ttop\">\n<td class=\"main\" rowspan=\"3\">Double Bed<\/td>\n<td>140<span class=\"tgrey\">x200<\/span><\/td>\n<td>220 a 240 <span class=\"tgrey\">x 2XX<\/span><\/td>\n<td>140 <span class=\"tgrey\">x 200<\/span><\/td>\n<\/tr>\n<tr>\n<td>150<span class=\"tgrey\">x200<\/span><\/td>\n<td>240 <span class=\"tgrey\">x 2XX<\/span><\/td>\n<td><nobr>150\/160 <span class=\"tgrey\">x 200<\/span><\/nobr><\/td>\n<\/tr>\n<tr class=\"tbreack\">\n<td>160<span class=\"tgrey\">x200<\/span><\/td>\n<td><nobr>240 a 260 <span class=\"tgrey\">x 3XX<\/span><\/nobr><\/td>\n<td>160 <span class=\"tgrey\">x 200<\/span><\/td>\n<\/tr>\n<tr class=\"ttop\">\n<td class=\"main\" rowspan=\"2\"><nobr>Extra Large Bed <\/nobr><\/a><\/td>\n<td>180<span class=\"tgrey\">x200<\/span><\/td>\n<td><nobr>260 a 280 <span class=\"tgrey\">x 3XX<\/span><\/nobr><\/td>\n<td>180 <span class=\"tgrey\">x 200<\/span><\/td>\n<\/tr>\n<tr class=\"tbreack\">\n<td>200<span class=\"tgrey\">x200<\/span><\/td>\n<td>280 <span class=\"tgrey\">x 3XX<\/span><\/td>\n<td>200 <span class=\"tgrey\">x 200<\/span><\/td>\n<\/tr>\n<\/tbody>\n<tfoot>\n<tr>\n<td class=\"last\" colspan=\"4\">width<span class=\"tgrey\"> x lenght<\/span> (cm)*<\/td>\n<\/tr>\n<\/tfoot>\n<\/table>\n<\/div>\n\n\t\t<\/div>\n\t<\/div>\n\n\t\t<\/div> \n\t<\/div>\n\t<\/div> \n<\/div><\/div>\n\t\t\t<\/div> \n\t\t<\/div>\n\t<\/div> \n<\/div><\/div>\n\t\t<div id=\"fws_6a0478454a4e6\"  data-column-margin=\"default\" data-midnight=\"dark\"  class=\"wpb_row vc_row-fluid vc_row\"  style=\"padding-top: 0px; padding-bottom: 0px; \"><div class=\"row-bg-wrap\" data-bg-animation=\"none\" data-bg-animation-delay=\"\" data-bg-overlay=\"false\"><div class=\"inner-wrap row-bg-layer\" ><div class=\"row-bg viewport-desktop\"  style=\"\"><\/div><\/div><\/div><div class=\"row_col_wrap_12 col span_12 dark left\">\n\t<div  class=\"vc_col-sm-12 wpb_column column_container vc_column_container col no-extra-padding inherit_tablet inherit_phone\"  data-padding-pos=\"all\" data-has-bg-color=\"false\" data-bg-color=\"\" data-bg-opacity=\"1\" data-animation=\"\" data-delay=\"0\" >\n\t\t<div class=\"vc_column-inner\" >\n\t\t\t<div class=\"wpb_wrapper\">\n\t\t\t\t\n<div class=\"wpb_text_column wpb_content_element  vc_custom_1705500557159\" >\n\t<div class=\"wpb_wrapper\">\n\t\t<h3><strong>Recomendations<\/strong><\/h3>\n<h3><strong>\u00a0<\/strong><\/h3>\n\t<\/div>\n<\/div>\n\n\n\n<div class=\"toggles accordion\" data-br=\"none\" data-starting=\"default\" data-style=\"default\"><div class=\"toggle accent-color\" data-inner-wrap=\"true\"><h3 class=\"toggle-title\"><a href=\"#\" role=\"button\" class=\"toggle-heading\"><i role=\"presentation\" class=\"fa fa-plus-circle\"><\/i>Sheet<\/a><\/h3><div><div class=\"inner-toggle-wrap\">\n<div class=\"wpb_text_column wpb_content_element  vc_custom_1705500592356\" >\n\t<div class=\"wpb_wrapper\">\n\t\t<p>When choosing the size of sheets, it is important to consider the width of the mattress and the extra margin on each side, as this will ensure that you are not exposed to temperature differences while sleeping.<\/p>\n<p>Our suggestion is that the extra margin on each side should be between 40 and 50 cm, that is, the width of the sheet should be 80 to 100 cm greater than the width of the mattress.<\/p>\n<p>Are Shellty Pro Care\u00b4s sheets made of cotton or linen, natural fibers with thermo regulating and antibacterial properties, which help to take care of our skin and have a quality sleep?<\/p>\n\t<\/div>\n<\/div>\n\n\n\n<\/div><\/div><\/div><div class=\"toggle accent-color\" data-inner-wrap=\"true\"><h3 class=\"toggle-title\"><a href=\"#\" role=\"button\" class=\"toggle-heading\"><i role=\"presentation\" class=\"fa fa-plus-circle\"><\/i>Adjustable Sheets<\/a><\/h3><div><div class=\"inner-toggle-wrap\">\n<div class=\"wpb_text_column wpb_content_element  vc_custom_1705500669793\" >\n\t<div class=\"wpb_wrapper\">\n\t\t<p>The fitted sheet has an elastic band around the back or at the corners, which allows you to attach it to the mattress. It is easy to put on and prevents the sheet from moving during sleep.<\/p>\n<p>Our fitted sheets are suitable for beds with a height of up to 30 cm, so choose a size equal to or greater than the length of your mattress.<\/p>\n<p>If your mattress is more than 30 cm high, please contact us to ensure that the sheet can be used correctly.<\/p>\n<p>In sets of sheets with a conventional bottom sheet, you can request that an elastic band be added to the bottom sheet, transforming it into an elasticized sheet.<\/p>\n\t<\/div>\n<\/div>\n\n\n\n<\/div><\/div><\/div><div class=\"toggle accent-color\" data-inner-wrap=\"true\"><h3 class=\"toggle-title\"><a href=\"#\" role=\"button\" class=\"toggle-heading\"><i role=\"presentation\" class=\"fa fa-plus-circle\"><\/i>Duvets | Quilts | Blankets<\/a><\/h3><div><div class=\"inner-toggle-wrap\">\n<div class=\"wpb_text_column wpb_content_element  vc_custom_1705500706926\" >\n\t<div class=\"wpb_wrapper\">\n\t\t<p>As with sheets, when choosing the size of your cover (duvet, quilt or blanket), it is important to consider the width of the mattress and the extra margin on each side.<\/p>\n<p>We recommend that the extra margin on each side be 35 to 50 cm, i.e. the width of your blanket should be 70 to 100 cm greater than the width of the mattress. Also be sure to take into account the height of your bed and mattress to avoid the coverlet touching the floor.<\/p>\n\t<\/div>\n<\/div>\n\n\n\n<\/div><\/div><\/div><div class=\"toggle accent-color\" data-inner-wrap=\"true\"><h3 class=\"toggle-title\"><a href=\"#\" role=\"button\" class=\"toggle-heading\"><i role=\"presentation\" class=\"fa fa-plus-circle\"><\/i>Duvet Covers<\/a><\/h3><div><div class=\"inner-toggle-wrap\">\n<div class=\"wpb_text_column wpb_content_element  vc_custom_1705500740707\" >\n\t<div class=\"wpb_wrapper\">\n\t\t<p>Duvet covers are essential for anyone who likes to vary their bedroom decor, as they protect the filling duvet and are easy to care for and store.<\/p>\n<p>The duvet cover should be the same size as the fill comforter, preventing the cover from moving during sleep. Check the recommended measurement for your duvet and buy both the same size.<\/p>\n<p>If you already own a down-filled duvet, check your measurements to buy an equivalent cover.<\/p>\n\t<\/div>\n<\/div>\n\n\n\n<\/div><\/div><\/div><\/div>\n\n\n\n\n\n\n\n\n\n\n\n\n\n\n\n\n\n\n\n\n\t\t\t<\/div> \n\t\t<\/div>\n\t<\/div> \n<\/div><\/div>","protected":false},"excerpt":{"rendered":"Guia de Tamanhos Escolha a medida ideal para o seu conforto. As camas e colch\u00f5es t\u00eam variados tamanhos, pelo que dever\u00e1 ter sempre em aten\u00e7\u00e3o as caracter\u00edsticas da sua cama....","protected":false},"author":1,"featured_media":0,"parent":0,"menu_order":0,"comment_status":"closed","ping_status":"closed","template":"","meta":{"_acf_changed":false,"footnotes":""},"class_list":["post-1908","page","type-page","status-publish"],"acf":[],"_links":{"self":[{"href":"https:\/\/myshellty.com\/en\/wp-json\/wp\/v2\/pages\/1908","targetHints":{"allow":["GET"]}}],"collection":[{"href":"https:\/\/myshellty.com\/en\/wp-json\/wp\/v2\/pages"}],"about":[{"href":"https:\/\/myshellty.com\/en\/wp-json\/wp\/v2\/types\/page"}],"author":[{"embeddable":true,"href":"https:\/\/myshellty.com\/en\/wp-json\/wp\/v2\/users\/1"}],"replies":[{"embeddable":true,"href":"https:\/\/myshellty.com\/en\/wp-json\/wp\/v2\/comments?post=1908"}],"version-history":[{"count":12,"href":"https:\/\/myshellty.com\/en\/wp-json\/wp\/v2\/pages\/1908\/revisions"}],"predecessor-version":[{"id":2663,"href":"https:\/\/myshellty.com\/en\/wp-json\/wp\/v2\/pages\/1908\/revisions\/2663"}],"wp:attachment":[{"href":"https:\/\/myshellty.com\/en\/wp-json\/wp\/v2\/media?parent=1908"}],"curies":[{"name":"wp","href":"https:\/\/api.w.org\/{rel}","templated":true}]}}