{"id":3205,"date":"2024-05-02T09:09:28","date_gmt":"2024-05-02T09:09:28","guid":{"rendered":"http:\/\/myshellty.com\/?page_id=3205"},"modified":"2025-09-03T11:47:25","modified_gmt":"2025-09-03T11:47:25","slug":"certificacoes","status":"publish","type":"page","link":"https:\/\/myshellty.com\/en\/certificacoes\/","title":{"rendered":"Certifications"},"content":{"rendered":"<div id=\"termos-e-condicoes\"  data-column-margin=\"default\" data-midnight=\"light\" data-top-percent=\"5%\" data-bottom-percent=\"3%\"  class=\"wpb_row vc_row-fluid vc_row full-width-section parallax_section top_padding_tablet_100px top_padding_phone_50px bottom_padding_tablet_100px bottom_padding_phone_50px\"  style=\"padding-top: calc(100vw * 0.05); padding-bottom: calc(100vw * 0.03); \"><div class=\"row-bg-wrap\" data-bg-animation=\"zoom-out-slow\" data-bg-animation-delay=\"\" data-bg-overlay=\"true\"><div class=\"inner-wrap row-bg-layer using-image\" ><div class=\"row-bg viewport-desktop using-image using-bg-color\" data-parallax-speed=\"slow\" style=\"background-position: left top; background-repeat: no-repeat; background-color: #ffffff; \"><\/div><\/div><div class=\"row-bg-overlay row-bg-layer\" style=\"background: #f2f2f2; background: linear-gradient(to bottom,#f2f2f2 0%,#ffffff 100%);  opacity: 1; \"><\/div><\/div><div class=\"row_col_wrap_12 col span_12 light left\">\n\t<div style=\" color: #1a1f3c;\" class=\"vc_col-sm-12 wpb_column column_container vc_column_container col no-extra-padding inherit_tablet inherit_phone\" data-cfc=\"true\"  data-padding-pos=\"all\" data-has-bg-color=\"false\" data-bg-color=\"\" data-bg-opacity=\"1\" data-animation=\"\" data-delay=\"0\" >\n\t\t<div class=\"vc_column-inner\" >\n\t\t\t<div class=\"wpb_wrapper\">\n\t\t\t\t\n<div class=\"wpb_text_column wpb_content_element\" >\n\t<div class=\"wpb_wrapper\">\n\t\t<h1 style=\"text-align: left;\">Certifications<\/h1>\n\t<\/div>\n<\/div>\n\n\n\n<div class=\"divider-wrap\" data-alignment=\"default\"><div style=\"margin-top: 35px; height: 2px; margin-bottom: 35px;\" data-width=\"100%\" data-animate=\"\" data-animation-delay=\"\" data-color=\"extra-color-2\" class=\"divider-border\"><\/div><\/div><div id=\"fws_69dea426a48b5\" data-midnight=\"\" data-column-margin=\"default\" class=\"wpb_row vc_row-fluid vc_row inner_row\"  style=\"padding-top: 30px; \"><div class=\"row-bg-wrap\"> <div class=\"row-bg\" ><\/div> <\/div><div class=\"row_col_wrap_12_inner col span_12  left\">\n\t<div  class=\"vc_col-sm-4 wpb_column column_container vc_column_container col child_column no-extra-padding inherit_tablet inherit_phone\"   data-padding-pos=\"all\" data-has-bg-color=\"false\" data-bg-color=\"\" data-bg-opacity=\"1\" data-animation=\"\" data-delay=\"0\" >\n\t\t<div class=\"vc_column-inner\" >\n\t\t<div class=\"wpb_wrapper\">\n\t\t\t<a class=\"nectar-button jumbo regular accent-color  regular-button\"  role=\"button\" style=\"\" target=\"_blank\" href=\"https:\/\/myshellty.com\/wp-content\/uploads\/2025\/05\/Manual-de-Certificacoes-Shellty-Pro-Care_IHCare-Health.pdf\" data-color-override=\"false\" data-hover-color-override=\"false\" data-hover-text-color-override=\"#fff\"><span>Fabric Certification Manual - PT<\/span><\/a>\n\t\t<\/div> \n\t<\/div>\n\t<\/div> \n\n\t<div  class=\"vc_col-sm-4 wpb_column column_container vc_column_container col child_column no-extra-padding inherit_tablet inherit_phone\"   data-padding-pos=\"all\" data-has-bg-color=\"false\" data-bg-color=\"\" data-bg-opacity=\"1\" data-animation=\"\" data-delay=\"0\" >\n\t\t<div class=\"vc_column-inner\" >\n\t\t<div class=\"wpb_wrapper\">\n\t\t\t<a class=\"nectar-button jumbo regular accent-color  regular-button\"  role=\"button\" style=\"\" target=\"_blank\" href=\"https:\/\/myshellty.com\/wp-content\/uploads\/2025\/05\/Certification-Manual-Shellty-Pro-Care_IHCare-Health.pdf\" data-color-override=\"false\" data-hover-color-override=\"false\" data-hover-text-color-override=\"#fff\"><span>Fabric Certification Manual - EN<\/span><\/a>\n\t\t<\/div> \n\t<\/div>\n\t<\/div> \n<\/div><\/div><div id=\"fws_69dea426a51b3\" data-midnight=\"\" data-column-margin=\"default\" class=\"wpb_row vc_row-fluid vc_row inner_row\"  style=\"padding-top: 40px; \"><div class=\"row-bg-wrap\"> <div class=\"row-bg\" ><\/div> <\/div><div class=\"row_col_wrap_12_inner col span_12  left\">\n\t<div  class=\"vc_col-sm-4 wpb_column column_container vc_column_container col child_column no-extra-padding inherit_tablet inherit_phone\"   data-padding-pos=\"all\" data-has-bg-color=\"false\" data-bg-color=\"\" data-bg-opacity=\"1\" data-animation=\"\" data-delay=\"0\" >\n\t\t<div class=\"vc_column-inner\" >\n\t\t<div class=\"wpb_wrapper\">\n\t\t\t<a class=\"nectar-button jumbo regular accent-color  regular-button\"  role=\"button\" style=\"\" target=\"_blank\" href=\"http:\/\/myshellty.com\/wp-content\/uploads\/2024\/05\/certificado_2323_DM_2023.pdf\" data-color-override=\"false\" data-hover-color-override=\"false\" data-hover-text-color-override=\"#fff\"><span>Infarmed Certificate No. 2323 - DM 2023<\/span><\/a>\n\t\t<\/div> \n\t<\/div>\n\t<\/div> \n<\/div><\/div><div class=\"img-with-aniamtion-wrap\" data-max-width=\"100%\" data-max-width-mobile=\"default\" data-shadow=\"none\" data-animation=\"none\"  style=\"margin-top: 40px; \">\n      <div class=\"inner\">\n        <div class=\"hover-wrap\"> \n          <div class=\"hover-wrap-inner\">\n            <img loading=\"lazy\" decoding=\"async\" class=\"img-with-animation portugal-sou-eu skip-lazy\" data-delay=\"0\" height=\"709\" width=\"709\" data-animation=\"none\" src=\"https:\/\/myshellty.com\/wp-content\/uploads\/2024\/01\/icon_portugal-sou-eu.png\" alt=\"icon_portugal-sou-eu\" srcset=\"https:\/\/myshellty.com\/wp-content\/uploads\/2024\/01\/icon_portugal-sou-eu.png 709w, https:\/\/myshellty.com\/wp-content\/uploads\/2024\/01\/icon_portugal-sou-eu-300x300.png 300w, https:\/\/myshellty.com\/wp-content\/uploads\/2024\/01\/icon_portugal-sou-eu-150x150.png 150w, https:\/\/myshellty.com\/wp-content\/uploads\/2024\/01\/icon_portugal-sou-eu-140x140.png 140w, https:\/\/myshellty.com\/wp-content\/uploads\/2024\/01\/icon_portugal-sou-eu-100x100.png 100w, https:\/\/myshellty.com\/wp-content\/uploads\/2024\/01\/icon_portugal-sou-eu-500x500.png 500w, https:\/\/myshellty.com\/wp-content\/uploads\/2024\/01\/icon_portugal-sou-eu-350x350.png 350w, https:\/\/myshellty.com\/wp-content\/uploads\/2024\/01\/icon_portugal-sou-eu-600x600.png 600w, https:\/\/myshellty.com\/wp-content\/uploads\/2024\/01\/icon_portugal-sou-eu-50x50.png 50w\" sizes=\"auto, (max-width: 709px) 100vw, 709px\" title=\"\">\n          <\/div>\n        <\/div>\n      <\/div>\n    <\/div>\n\t\t\t<\/div> \n\t\t<\/div>\n\t<\/div> \n<\/div><\/div>","protected":false},"excerpt":{"rendered":"Certifica\u00e7\u00f5es Gama Shellty - Manual de Certifica\u00e7\u00e3o Tecido - PT Gama Shellty - Manual de Certifica\u00e7\u00e3o Tecido- EN Certificado Infarmed N\u00ba 2323 - DM 2023","protected":false},"author":1,"featured_media":0,"parent":0,"menu_order":0,"comment_status":"closed","ping_status":"closed","template":"","meta":{"_acf_changed":false,"footnotes":""},"class_list":["post-3205","page","type-page","status-publish"],"acf":[],"_links":{"self":[{"href":"https:\/\/myshellty.com\/en\/wp-json\/wp\/v2\/pages\/3205","targetHints":{"allow":["GET"]}}],"collection":[{"href":"https:\/\/myshellty.com\/en\/wp-json\/wp\/v2\/pages"}],"about":[{"href":"https:\/\/myshellty.com\/en\/wp-json\/wp\/v2\/types\/page"}],"author":[{"embeddable":true,"href":"https:\/\/myshellty.com\/en\/wp-json\/wp\/v2\/users\/1"}],"replies":[{"embeddable":true,"href":"https:\/\/myshellty.com\/en\/wp-json\/wp\/v2\/comments?post=3205"}],"version-history":[{"count":22,"href":"https:\/\/myshellty.com\/en\/wp-json\/wp\/v2\/pages\/3205\/revisions"}],"predecessor-version":[{"id":3773,"href":"https:\/\/myshellty.com\/en\/wp-json\/wp\/v2\/pages\/3205\/revisions\/3773"}],"wp:attachment":[{"href":"https:\/\/myshellty.com\/en\/wp-json\/wp\/v2\/media?parent=3205"}],"curies":[{"name":"wp","href":"https:\/\/api.w.org\/{rel}","templated":true}]}}