{"id":1663,"date":"2024-01-15T17:21:37","date_gmt":"2024-01-15T17:21:37","guid":{"rendered":"http:\/\/myshellty.com\/?page_id=1663"},"modified":"2026-02-16T16:20:28","modified_gmt":"2026-02-16T16:20:28","slug":"contactos","status":"publish","type":"page","link":"https:\/\/myshellty.com\/pt\/contactos\/","title":{"rendered":"Contactos"},"content":{"rendered":"\n\t\t<div id=\"contact\"  data-column-margin=\"default\" data-midnight=\"light\" data-top-percent=\"4%\" data-bottom-percent=\"4%\"  class=\"wpb_row vc_row-fluid vc_row full-width-section parallax_section top_padding_tablet_100px top_padding_phone_60px bottom_padding_tablet_100px bottom_padding_phone_100px\"  style=\"padding-top: calc(100vw * 0.04); padding-bottom: calc(100vw * 0.04); \"><div class=\"row-bg-wrap\" data-bg-animation=\"zoom-out-slow\" data-bg-animation-delay=\"\" data-bg-overlay=\"true\"><div class=\"inner-wrap row-bg-layer\" ><div class=\"row-bg viewport-desktop using-bg-color\" data-parallax-speed=\"slow\" style=\"background-color: #ffffff; \"><\/div><\/div><div class=\"row-bg-overlay row-bg-layer\" style=\"background-color:#ffffff;  opacity: 0.95; \"><\/div><\/div><div class=\"row_col_wrap_12 col span_12 light left\">\n\t<div style=\" color: #312e8c;\" class=\"vc_col-sm-6 vertical-align wpb_column column_container vc_column_container col has-animation no-extra-padding inherit_tablet inherit_phone \" data-cfc=\"true\"  data-padding-pos=\"all\" data-has-bg-color=\"false\" data-bg-color=\"\" data-bg-opacity=\"1\" data-animation=\"reveal-from-left\" data-delay=\"0\" >\n\t\t<div class=\"vc_column-inner\" >\n\t\t\t<div class=\"wpb_wrapper\">\n\t\t\t\t\n<div class=\"wpb_text_column wpb_content_element \" style=\" max-width: 800px; display: inline-block;\">\n\t<div class=\"wpb_wrapper\">\n\t\t<h1>Contacte-nos<\/h1>\n\t<\/div>\n<\/div>\n\n\n\n<div class=\"divider-wrap\" data-alignment=\"default\"><div style=\"margin-top: 25px; height: 2px; margin-bottom: 25px;\" data-width=\"100%\" data-animate=\"\" data-animation-delay=\"\" data-color=\"extra-color-2\" class=\"divider-border\"><\/div><\/div>\n<div class=\"wpb_text_column wpb_content_element \" style=\" max-width: 400px; display: inline-block;\">\n\t<div class=\"wpb_wrapper\">\n\t\t<h4><a href=\"https:\/\/maps.app.goo.gl\/H8akbgaeFihmmFJX9\" target=\"_blank\" rel=\"noopener\">R. Padre Estev\u00e3o Cabral,<\/a><\/h4>\n<h4><a href=\"https:\/\/maps.app.goo.gl\/H8akbgaeFihmmFJX9\" target=\"_blank\" rel=\"noopener\">n\u00ba 79, 6\u00ba andar, Escrit\u00f3rio 611,<\/a><\/h4>\n<h4><a href=\"https:\/\/maps.app.goo.gl\/H8akbgaeFihmmFJX9\" target=\"_blank\" rel=\"noopener\">3000-317 Coimbra<\/a><\/h4>\n<p>&nbsp;<\/p>\n<h4><a href=\"tel:+351 911 544 950\" rel=\"noopener\">+351 911 544 950<\/a><a href=\"tel:+351 911 544 950\" rel=\"noopener\"><span style=\"font-size: 12px; display: block;\">(Portuguese Mobile Number Network Rates Apply)<\/span><\/a><\/h4>\n<h4><a href=\"mailto:support@ihcare.pt\" target=\"_blank\" rel=\"noopener\">support@ihcare.pt<\/a><\/h4>\n\t<\/div>\n<\/div>\n\n\n\n<div class=\"divider-wrap\" data-alignment=\"default\"><div style=\"margin-top: 25px; height: 2px; margin-bottom: 25px;\" data-width=\"100%\" data-animate=\"\" data-animation-delay=\"\" data-color=\"extra-color-2\" class=\"divider-border\"><\/div><\/div>\n\t\t\t<\/div> \n\t\t<\/div>\n\t<\/div> \n\n\t<div style=\" color: #1a1f3c;\" class=\"vc_col-sm-6 wpb_column column_container vc_column_container col has-animation no-extra-padding inherit_tablet inherit_phone \" data-cfc=\"true\"  data-padding-pos=\"all\" data-has-bg-color=\"false\" data-bg-color=\"\" data-bg-opacity=\"1\" data-animation=\"reveal-from-right\" data-delay=\"0\" >\n\t\t<div class=\"vc_column-inner\" >\n\t\t\t<div class=\"wpb_wrapper\">\n\t\t\t\t<style id=\"wpforms-css-vars-1764\">\n\t\t\t\t#wpforms-1764 {\n\t\t\t\t\n\t\t\t}\n\t\t\t<\/style><div class=\"wpforms-container wpforms-container-full wpforms-render-modern\" id=\"wpforms-1764\"><form id=\"wpforms-form-1764\" class=\"wpforms-validate wpforms-form wpforms-ajax-form\" data-formid=\"1764\" method=\"post\" enctype=\"multipart\/form-data\" action=\"\/pt\/wp-json\/wp\/v2\/pages\/1663\" data-token=\"4b001beeaff12603378a304ccb024b8f\" data-token-time=\"1778670556\"><noscript class=\"wpforms-error-noscript\">Please enable JavaScript in your browser to complete this form.<\/noscript><div id=\"wpforms-error-noscript\" style=\"display: none;\">Please enable JavaScript in your browser to complete this form.<\/div><div class=\"wpforms-field-container\"><div id=\"wpforms-1764-field_0-container\" class=\"wpforms-field wpforms-field-name\" data-field-id=\"0\"><label class=\"wpforms-field-label\" for=\"wpforms-1764-field_0\">Nome <span class=\"wpforms-required-label\" aria-hidden=\"true\">*<\/span><\/label><input type=\"text\" id=\"wpforms-1764-field_0\" class=\"wpforms-field-large wpforms-field-required\" name=\"wpforms[fields][0]\" aria-errormessage=\"wpforms-1764-field_0-error\" required><\/div><div id=\"wpforms-1764-field_1-container\" class=\"wpforms-field wpforms-field-email\" data-field-id=\"1\"><label class=\"wpforms-field-label\" for=\"wpforms-1764-field_1\">Email <span class=\"wpforms-required-label\" aria-hidden=\"true\">*<\/span><\/label><input type=\"email\" id=\"wpforms-1764-field_1\" class=\"wpforms-field-large wpforms-field-required\" name=\"wpforms[fields][1]\" spellcheck=\"false\" aria-errormessage=\"wpforms-1764-field_1-error\" required><\/div><div id=\"wpforms-1764-field_5-container\" class=\"wpforms-field wpforms-field-select wpforms-field-select-style-classic\" data-field-id=\"5\"><label class=\"wpforms-field-label\" for=\"wpforms-1764-field_5\">Como podemos ajud\u00e1-lo? <span class=\"wpforms-required-label\" aria-hidden=\"true\">*<\/span><\/label><select id=\"wpforms-1764-field_5\" class=\"wpforms-field-large wpforms-field-required\" name=\"wpforms[fields][5]\" required=\"required\"><option value=\"Informa\u00e7\u00e3o Geral\"  class=\"choice-1 depth-1\"  >Informa\u00e7\u00e3o Geral<\/option><option value=\"Vendas\"  class=\"choice-2 depth-1\"  >Vendas<\/option><option value=\"Produto\"  class=\"choice-3 depth-1\"  >Produto<\/option><\/select><\/div><div id=\"wpforms-1764-field_6-container\" class=\"wpforms-field wpforms-field-textarea\" data-field-id=\"6\"><label class=\"wpforms-field-label\" for=\"wpforms-1764-field_6\">Mensagem<\/label><textarea id=\"wpforms-1764-field_6\" class=\"wpforms-field-medium\" name=\"wpforms[fields][6]\" aria-errormessage=\"wpforms-1764-field_6-error\" ><\/textarea><\/div><div id=\"wpforms-1764-field_7-container\" class=\"wpforms-field wpforms-field-checkbox\" data-field-id=\"7\"><fieldset><legend class=\"wpforms-field-label\">Aceita\u00e7\u00e3o da Pol\u00edtica de Privacidade <span class=\"wpforms-required-label\" aria-hidden=\"true\">*<\/span><\/legend><ul id=\"wpforms-1764-field_7\" class=\"wpforms-field-required\"><li class=\"choice-1 depth-1 wpforms-selected\"><input type=\"checkbox\" id=\"wpforms-1764-field_7_1\" name=\"wpforms[fields][7][]\" value=\"Li e concordo com a &lt;a style=&quot;color: lightgrey !important&quot; href=&quot;http:\/\/myshellty.com\/privacy-policy\/&quot; target=&quot;blank&quot;&gt;Pol\u00edtica de Privacidade&lt;\/a&gt;.\" aria-errormessage=\"wpforms-1764-field_7_1-error\" required  checked='checked'><label class=\"wpforms-field-label-inline\" for=\"wpforms-1764-field_7_1\">Li e concordo com a <a style=\"color: lightgrey !important\" href=\"http:\/\/myshellty.com\/privacy-policy\/\" target=\"blank\">Pol\u00edtica de Privacidade<\/a>.<\/label><\/li><\/ul><\/fieldset><\/div><\/div><!-- .wpforms-field-container --><div class=\"wpforms-submit-container\" ><input type=\"hidden\" name=\"wpforms[id]\" value=\"1764\"><input type=\"hidden\" name=\"page_title\" value=\"\"><input type=\"hidden\" name=\"page_url\" value=\"https:\/\/myshellty.com\/pt\/wp-json\/wp\/v2\/pages\/1663\"><input type=\"hidden\" name=\"url_referer\" value=\"\"><button type=\"submit\" name=\"wpforms[submit]\" id=\"wpforms-submit-1764\" class=\"wpforms-submit\" data-alt-text=\"A enviar...\" data-submit-text=\"Enviar\" aria-live=\"assertive\" value=\"wpforms-submit\">Enviar<\/button><img loading=\"lazy\" decoding=\"async\" src=\"https:\/\/myshellty.com\/wp-content\/plugins\/wpforms-lite\/assets\/images\/submit-spin.svg\" class=\"wpforms-submit-spinner\" style=\"display: none;\" width=\"26\" height=\"26\" alt=\"Loading\" title=\"\"><\/div><\/form><\/div>  <!-- .wpforms-container -->\n\t\t\t<\/div> \n\t\t<\/div>\n\t<\/div> \n<\/div><\/div>\n\t\t<div id=\"ajuda\"  data-column-margin=\"default\" data-midnight=\"light\" data-top-percent=\"4%\" data-bottom-percent=\"4%\"  class=\"wpb_row vc_row-fluid vc_row full-width-section parallax_section top_padding_tablet_100px top_padding_phone_60px bottom_padding_tablet_100px bottom_padding_phone_100px\"  style=\"padding-top: calc(100vw * 0.04); padding-bottom: calc(100vw * 0.04); \"><div class=\"row-bg-wrap\" data-bg-animation=\"zoom-out-slow\" data-bg-animation-delay=\"\" data-bg-overlay=\"true\"><div class=\"inner-wrap row-bg-layer\" ><div class=\"row-bg viewport-desktop using-bg-color\" data-parallax-speed=\"slow\" style=\"background-color: #312e8c; \"><\/div><\/div><div class=\"row-bg-overlay row-bg-layer\" style=\"background-color:transparent;  opacity: 0.95; \"><\/div><\/div><div class=\"row_col_wrap_12 col span_12 light left\">\n\t<div style=\" color: #ffffff;\" class=\"vc_col-sm-12 vertical-align wpb_column column_container vc_column_container col centered-text has-animation no-extra-padding inherit_tablet inherit_phone \" data-cfc=\"true\"  data-padding-pos=\"all\" data-has-bg-color=\"false\" data-bg-color=\"\" data-bg-opacity=\"1\" data-animation=\"reveal-from-bottom\" data-delay=\"0\" >\n\t\t<div class=\"vc_column-inner\" >\n\t\t\t<div class=\"wpb_wrapper\">\n\t\t\t\t\n<div class=\"wpb_text_column wpb_content_element \" style=\" max-width: 800px; display: inline-block;\">\n\t<div class=\"wpb_wrapper\">\n\t\t<h3 style=\"text-align: center !important; color: white !important;\">Precisa de <span style=\"font-weight: 700 !important;\">ajuda<\/span> para decidir?<\/h3>\n\t<\/div>\n<\/div>\n\n\n\n<div id=\"fws_6a045bdc7249a\" data-midnight=\"\" data-column-margin=\"default\" class=\"wpb_row vc_row-fluid vc_row inner_row\"  style=\"padding-top: 40px; \"><div class=\"row-bg-wrap\"> <div class=\"row-bg\" ><\/div> <\/div><div class=\"row_col_wrap_12_inner col span_12  left\">\n\t<div  class=\"vc_col-sm-4 wpb_column column_container vc_column_container col child_column centered-text no-extra-padding inherit_tablet inherit_phone \"   data-padding-pos=\"all\" data-has-bg-color=\"false\" data-bg-color=\"\" data-bg-opacity=\"1\" data-animation=\"\" data-delay=\"0\" >\n\t\t<div class=\"vc_column-inner\" >\n\t\t<div class=\"wpb_wrapper\">\n\t\t\t<div class=\"nectar_icon_wrap \" data-style=\"default\" data-padding=\"20px\" data-color=\"white\" style=\"\" >\n\t\t<div class=\"nectar_icon\" ><i style=\"font-size: 100px; line-height: 100px; height: 100px; width: 100px;\" class=\"fa fa-comments-o\"><\/i><\/div>\n\t<\/div>\n<div class=\"wpb_text_column wpb_content_element \" >\n\t<div class=\"wpb_wrapper\">\n\t\t<h4><span class=\"HwtZe\" lang=\"pt\"><span class=\"jCAhz ChMk0b\"><span class=\"ryNqvb\">Converse Connosco<\/span><\/span><\/span><\/h4>\n\t<\/div>\n<\/div>\n\n\n\n\n<div class=\"wpb_text_column wpb_content_element \" >\n\t<div class=\"wpb_wrapper\">\n\t\t<p><span class=\"HwtZe\" lang=\"pt\"><span class=\"jCAhz ChMk0b\"><span class=\"ryNqvb\">O nosso atendimento ao cliente pode responder a qualquer uma de suas perguntas.<\/span><\/span><\/span><\/p>\n\t<\/div>\n<\/div>\n\n\n\n\n\t\t<\/div> \n\t<\/div>\n\t<\/div> \n\n\t<div  class=\"vc_col-sm-4 wpb_column column_container vc_column_container col child_column no-extra-padding inherit_tablet inherit_phone \"   data-padding-pos=\"all\" data-has-bg-color=\"false\" data-bg-color=\"\" data-bg-opacity=\"1\" data-animation=\"\" data-delay=\"0\" >\n\t\t<div class=\"vc_column-inner\" >\n\t\t<div class=\"wpb_wrapper\">\n\t\t\t<div class=\"nectar_icon_wrap \" data-style=\"default\" data-padding=\"20px\" data-color=\"white\" style=\"\" >\n\t\t<div class=\"nectar_icon\" ><i style=\"font-size: 100px; line-height: 100px; height: 100px; width: 100px;\" class=\"fa fa-bed\"><\/i><\/div>\n\t<\/div>\n<div class=\"wpb_text_column wpb_content_element \" >\n\t<div class=\"wpb_wrapper\">\n\t\t<h4>Teste os Nossos Produtos<\/h4>\n\t<\/div>\n<\/div>\n\n\n\n\n<div class=\"wpb_text_column wpb_content_element \" >\n\t<div class=\"wpb_wrapper\">\n\t\t<p><span class=\"HwtZe\" lang=\"pt\"><span class=\"jCAhz ChMk0b\"><span class=\"ryNqvb\">Experimente pessoalmente os nossos produtos na nossa loja f\u00edsica.<\/span><\/span><\/span><\/p>\n\t<\/div>\n<\/div>\n\n\n\n\n\t\t<\/div> \n\t<\/div>\n\t<\/div> \n\n\t<div  class=\"vc_col-sm-4 wpb_column column_container vc_column_container col child_column no-extra-padding inherit_tablet inherit_phone \"   data-padding-pos=\"all\" data-has-bg-color=\"false\" data-bg-color=\"\" data-bg-opacity=\"1\" data-animation=\"\" data-delay=\"0\" >\n\t\t<div class=\"vc_column-inner\" >\n\t\t<div class=\"wpb_wrapper\">\n\t\t\t<div class=\"nectar_icon_wrap \" data-style=\"default\" data-padding=\"20px\" data-color=\"white\" style=\"\" >\n\t\t<div class=\"nectar_icon\" ><i style=\"font-size: 100px; line-height: 100px; height: 100px; width: 100px;\" class=\"fa fa-phone\"><\/i><\/div>\n\t<\/div>\n<div class=\"wpb_text_column wpb_content_element \" >\n\t<div class=\"wpb_wrapper\">\n\t\t<h4><span class=\"HwtZe\" lang=\"pt\"><span class=\"jCAhz ChMk0b\"><span class=\"ryNqvb\">Ligue Para N\u00f3s<\/span><\/span><\/span><\/h4>\n\t<\/div>\n<\/div>\n\n\n\n\n<div class=\"wpb_text_column wpb_content_element \" >\n\t<div class=\"wpb_wrapper\">\n\t\t<p><span class=\"HwtZe\" lang=\"pt\"><span class=\"jCAhz ChMk0b\"><span class=\"ryNqvb\">Os nossos especialistas est\u00e3o aqui para ajud\u00e1-lo a encontrar o len\u00e7ol dos seus sonhos.<\/span><\/span><\/span><\/p>\n\t<\/div>\n<\/div>\n\n\n\n\n\t\t<\/div> \n\t<\/div>\n\t<\/div> \n<\/div><\/div>\n\t\t\t<\/div> \n\t\t<\/div>\n\t<\/div> \n<\/div><\/div>\n","protected":false},"excerpt":{"rendered":"Contacte-nos R. Padre Estev\u00e3o Cabral, n\u00ba 79, 6\u00ba andar, Escrit\u00f3rio 611, 3000-317 Coimbra &nbsp; +351 911 544 950(Portuguese Mobile Number Network Rates Apply) support@ihcare.pt Please enable JavaScript in your browser...","protected":false},"author":1,"featured_media":0,"parent":0,"menu_order":0,"comment_status":"closed","ping_status":"closed","template":"","meta":{"_acf_changed":false,"footnotes":""},"class_list":["post-1663","page","type-page","status-publish"],"acf":[],"_links":{"self":[{"href":"https:\/\/myshellty.com\/pt\/wp-json\/wp\/v2\/pages\/1663","targetHints":{"allow":["GET"]}}],"collection":[{"href":"https:\/\/myshellty.com\/pt\/wp-json\/wp\/v2\/pages"}],"about":[{"href":"https:\/\/myshellty.com\/pt\/wp-json\/wp\/v2\/types\/page"}],"author":[{"embeddable":true,"href":"https:\/\/myshellty.com\/pt\/wp-json\/wp\/v2\/users\/1"}],"replies":[{"embeddable":true,"href":"https:\/\/myshellty.com\/pt\/wp-json\/wp\/v2\/comments?post=1663"}],"version-history":[{"count":46,"href":"https:\/\/myshellty.com\/pt\/wp-json\/wp\/v2\/pages\/1663\/revisions"}],"predecessor-version":[{"id":3859,"href":"https:\/\/myshellty.com\/pt\/wp-json\/wp\/v2\/pages\/1663\/revisions\/3859"}],"wp:attachment":[{"href":"https:\/\/myshellty.com\/pt\/wp-json\/wp\/v2\/media?parent=1663"}],"curies":[{"name":"wp","href":"https:\/\/api.w.org\/{rel}","templated":true}]}}