{"id":1908,"date":"2024-01-17T14:04:23","date_gmt":"2024-01-17T14:04:23","guid":{"rendered":"http:\/\/myshellty.com\/?page_id=1908"},"modified":"2024-02-27T17:49:59","modified_gmt":"2024-02-27T17:49:59","slug":"guia-de-tamanhos","status":"publish","type":"page","link":"https:\/\/myshellty.com\/pt\/guia-de-tamanhos\/","title":{"rendered":"Guia de Tamanhos"},"content":{"rendered":"\n\t\t<div id=\"size-guide\"  data-column-margin=\"default\" data-midnight=\"dark\" data-top-percent=\"6%\" data-bottom-percent=\"2%\"  class=\"wpb_row vc_row-fluid vc_row\"  style=\"padding-top: calc(100vw * 0.06); padding-bottom: calc(100vw * 0.02); \"><div class=\"row-bg-wrap\" data-bg-animation=\"none\" data-bg-animation-delay=\"\" data-bg-overlay=\"false\"><div class=\"inner-wrap row-bg-layer\" ><div class=\"row-bg viewport-desktop\"  style=\"\"><\/div><\/div><\/div><div class=\"row_col_wrap_12 col span_12 dark left\">\n\t<div  class=\"vc_col-sm-12 wpb_column column_container vc_column_container col no-extra-padding inherit_tablet inherit_phone \"  data-padding-pos=\"all\" data-has-bg-color=\"false\" data-bg-color=\"\" data-bg-opacity=\"1\" data-animation=\"\" data-delay=\"0\" >\n\t\t<div class=\"vc_column-inner\" >\n\t\t\t<div class=\"wpb_wrapper\">\n\t\t\t\t\n<div class=\"wpb_text_column wpb_content_element \" >\n\t<div class=\"wpb_wrapper\">\n\t\t<h1><strong>Guia de Tamanhos<br \/>\n<\/strong><\/h1>\n\t<\/div>\n<\/div>\n\n\n\n<div class=\"divider-wrap\" data-alignment=\"default\"><div style=\"margin-top: 40px; height: 2px; margin-bottom: 40px;\" data-width=\"100%\" data-animate=\"\" data-animation-delay=\"\" data-color=\"extra-color-2\" class=\"divider-border\"><\/div><\/div>\n<div class=\"wpb_text_column wpb_content_element  vc_custom_1705500410790\" >\n\t<div class=\"wpb_wrapper\">\n\t\t<h3>Escolha a medida ideal para o seu conforto.<\/h3>\n\t<\/div>\n<\/div>\n\n\n\n\n<div class=\"wpb_text_column wpb_content_element  vc_custom_1705500420786\" >\n\t<div class=\"wpb_wrapper\">\n\t\t<div class=\"wpb_text_column wpb_content_element vc_custom_1692633205358\">\n<div class=\"wpb_wrapper\">\n<p>As camas e colch\u00f5es t\u00eam variados tamanhos, pelo que dever\u00e1 ter sempre em aten\u00e7\u00e3o as caracter\u00edsticas da sua cama.<\/p>\n<p>Para escolher a medida ideal dos seus Len\u00e7\u00f3is ou Edredons\/Colchas, utilize como refer\u00eancia a largura do seu colch\u00e3o.<\/p>\n<\/div>\n<\/div>\n\t<\/div>\n<\/div>\n\n\n\n<div id=\"fws_6a045c1b1b957\" data-midnight=\"\" data-column-margin=\"default\" class=\"wpb_row vc_row-fluid vc_row inner_row\"  style=\"\"><div class=\"row-bg-wrap\"> <div class=\"row-bg\" ><\/div> <\/div><div class=\"row_col_wrap_12_inner col span_12  left\">\n\t<div style=\" color: #4b7862;\" class=\"vc_col-sm-6 wpb_column column_container vc_column_container col child_column no-extra-padding inherit_tablet inherit_phone \" data-cfc=\"true\"  data-padding-pos=\"all\" data-has-bg-color=\"false\" data-bg-color=\"\" data-bg-opacity=\"1\" data-animation=\"\" data-delay=\"0\" >\n\t\t<div class=\"vc_column-inner\" >\n\t\t<div class=\"wpb_wrapper\">\n\t\t\t\n\t<div class=\"wpb_raw_code wpb_raw_html wpb_content_element\" >\n\t\t<div class=\"wpb_wrapper\">\n\t\t\t<div style=\"overflow-x:auto;\">\n<table class=\"comparison-table-sk\">\n        <colgroup>\n            <col>\n            <col span=\"1\" class=\"\">\n        <\/colgroup>\n        <thead>\n            <tr>\n                <td class=\"comparison-table-data-th--sk0\"><img decoding=\"async\" class=\"logo-compare\" src=\"https:\/\/myshellty.com\/wp-content\/uploads\/2024\/01\/redes-sociais-shellty-kids_logo-sk-main.png\" alt=\"\" title=\"\"><\/td>\n                    <th class=\"comparison-table-data-th-sk\" scope=\"col\">Shellty Kids<\/th>\n                    <th class=\"comparison-table-data-th-sk\" scope=\"col\">Shellty Kids Baby<\/th>\n                    <th class=\"comparison-table-data-th-sk\" scope=\"col\">Shellty Kids Single<\/th>\n            <\/tr>\n        <\/thead>\n        <tbody>\n            <tr>\n                <th class=\"comparison-table-data-left-sk\" scope=\"row\">Tamanhos<\/th>\n                    <td class=\"comparison-table-data-sk\">60x120cm | 70x160cm | 90x200cm<\/td>\n                    <td class=\"comparison-table-data-sk\">60x120cm | 70x160cm <\/td>\n                    <td class=\"comparison-table-data-sk\"> 90\u00d7200cm<\/td>\n            <\/tr>\n            <tr>\n                <th class=\"comparison-table-data-left-sk\" scope=\"row\">Len\u00e7\u00f3is<\/th>\n                    <td class=\"comparison-table-data-sk\" aria-label=\"true\"><span class=\"checkmark\">1<\/span><\/td>\n                    <td class=\"comparison-table-data-sk\" aria-label=\"true\"><span class=\"checkmark\">2<\/span><\/td>\n                    <td class=\"comparison-table-data-sk\" aria-label=\"true\"><span class=\"checkmark\">1<\/span><\/td>\n            <\/tr>\n            <tr>\n                <th class=\"comparison-table-data-left-sk\" scope=\"row\">Fronha de Almofada<\/th>\n                    <td class=\"comparison-table-data-sk\"><img decoding=\"async\" class=\"green-png-icon\" style=\"width: 12px;  margin: auto !important;\" src=\"https:\/\/myshellty.com\/wp-content\/uploads\/2024\/01\/xmark-solid-01.png\" alt=\"\" title=\"\"><\/td>\n                    <td class=\"comparison-table-data-sk\"><img decoding=\"async\" class=\"green-png-icon\" style=\"width: 12px;  margin: auto !important;\" src=\"https:\/\/myshellty.com\/wp-content\/uploads\/2024\/01\/xmark-solid-01.png\" alt=\"\" title=\"\"><\/td>\n                    <td class=\"comparison-table-data-sk\">Shellty Fronha de Almofada 50x70cm<\/td>\n            <\/tr>\n\n            <tr>\n                <th class=\"comparison-table-data-left-sk\" scope=\"row\">Entrega Gratuita<\/th>\n                    <td class=\"comparison-table-data-sk\" aria-label=\"true\"><i class=\"fa-solid fa-check\"><\/i><\/td>\n                    <td class=\"comparison-table-data-sk\" aria-label=\"true\"><i class=\"fa-solid fa-check\"><\/i><\/td>\n                    <td class=\"comparison-table-data-sk\" aria-label=\"true\"><i class=\"fa-solid fa-check\"><\/i><\/td>\n            <\/tr>\n\n        <\/tbody>\n        <tfoot>\n            <tr>\n                <th class=\"comparison-table-data-left-price\" scope=\"row\">Pre\u00e7o<\/th>\n                    <td class=\"comparison-table-data-price\">65,87 \u20ac \u2013 97,85 \u20ac Iva Inclu\u00eddo<\/td>\n                    <td class=\"comparison-table-data-price\">115,35 \u20ac \u2013 121,36 \u20ac Iva Inclu\u00eddo<\/td>\n                    <td class=\"comparison-table-data-price\">126,14 \u20ac Iva Inclu\u00eddo<\/td>\n            <\/tr>\n        <\/tfoot>\n    <\/table>\n<\/div>\n\t\t<\/div>\n\t<\/div>\n\n\t\t<\/div> \n\t<\/div>\n\t<\/div> \n\n\t<div  class=\"vc_col-sm-6 wpb_column column_container vc_column_container col child_column no-extra-padding inherit_tablet inherit_phone \"   data-padding-pos=\"all\" data-has-bg-color=\"false\" data-bg-color=\"\" data-bg-opacity=\"1\" data-animation=\"\" data-delay=\"0\" >\n\t\t<div class=\"vc_column-inner\" >\n\t\t<div class=\"wpb_wrapper\">\n\t\t\t\n\t<div class=\"wpb_raw_code wpb_raw_html wpb_content_element\" >\n\t\t<div class=\"wpb_wrapper\">\n\t\t\t<div style=\"overflow-x:auto;\">\n<table class=\"comparison-table\">\n        <colgroup>\n            <col>\n            <col span=\"1\" class=\"lucid-compare\">\n        <\/colgroup>\n        <thead>\n            <tr>\n                <td class=\"comparison-table-data-th-0\"><img decoding=\"async\" class=\"logo-compare\" src=\"https:\/\/myshellty.com\/wp-content\/uploads\/2024\/01\/redes-sociais-shellty-pro-care_logo-spc-main.png\" alt=\"\" title=\"\"><\/td>\n                    <th class=\"comparison-table-data-th\" scope=\"col\">Shellty Pro Care<\/th>\n                    <th class=\"comparison-table-data-th\" scope=\"col\">Shellty Pro Care Single<\/th>\n                    <th class=\"comparison-table-data-th\" scope=\"col\">Shellty Pro Care Double<\/th>\n            <\/tr>\n        <\/thead>\n        <tbody>\n            <tr>\n                <th class=\"comparison-table-data-left\" scope=\"row\">Tamanhos<\/th>\n                    <td class=\"comparison-table-data\">90x200cm ou 150x200cm<\/td>\n                    <td class=\"comparison-table-data\">90x200cm<\/td>\n                    <td class=\"comparison-table-data\"> 150x200cm<\/td>\n            <\/tr>\n            <tr>\n                <th class=\"comparison-table-data-left\" scope=\"row\">Fronha de Almofada<\/th>\n                    <td class=\"comparison-table-data\"><img decoding=\"async\" style=\"width: 12px;  margin: auto !important;\" src=\"https:\/\/myshellty.com\/wp-content\/uploads\/2024\/01\/xmark-solid-01.png\" alt=\"\" title=\"\"><\/td>\n                    <td class=\"comparison-table-data\">Shellty Fronha de Almofada 50x70cm<\/td>\n                    <td class=\"comparison-table-data\">2 Fronhas de Almofada 50x70cm<\/td>\n            <\/tr>\n            <tr>\n                <th class=\"comparison-table-data-left\" scope=\"row\">Shellty Neutral<\/th>\n                    <td class=\"comparison-table-data\" aria-label=\"true\"><img decoding=\"async\" style=\"width: 12px;  margin: auto !important;\" src=\"https:\/\/myshellty.com\/wp-content\/uploads\/2024\/01\/xmark-solid-01.png\" alt=\"\" title=\"\"><\/td>\n                    <td class=\"comparison-table-data\" aria-label=\"true\"><i class=\"fa-solid fa-check\"><\/i><\/td>\n                    <td class=\"comparison-table-data\" aria-label=\"true\"><i class=\"fa-solid fa-check\"><\/i><\/td>\n            <\/tr>\n            <tr>\n                <th class=\"comparison-table-data-left\" scope=\"row\">Entrega Gratuita<\/th>\n                    <td class=\"comparison-table-data\" aria-label=\"true\"><i class=\"fa-solid fa-check\"><\/i><\/td>\n                    <td class=\"comparison-table-data\" aria-label=\"true\"><i class=\"fa-solid fa-check\"><\/i><\/td>\n                    <td class=\"comparison-table-data\" aria-label=\"true\"><i class=\"fa-solid fa-check\"><\/i><\/td>\n            <\/tr>\n\n        <\/tbody>\n        <tfoot>\n            <tr>\n                <th class=\"comparison-table-data-left-SPC-price\" scope=\"row\">Pre\u00e7o<\/th>\n                    <td class=\"comparison-table-data-SPC-price\">97,17 \u20ac \u2013 114,16 \u20ac Iva Inclu\u00eddo<\/td>\n                    <td class=\"comparison-table-data-SPC-price\">159,90 \u20ac Iva Inclu\u00eddo<\/td>\n                    <td class=\"comparison-table-data-SPC-price\">169,90 \u20ac Iva Inclu\u00eddo<\/td>\n            <\/tr>\n        <\/tfoot>\n    <\/table>\n<\/div>\n\t\t<\/div>\n\t<\/div>\n\n\t\t<\/div> \n\t<\/div>\n\t<\/div> \n<\/div><\/div><div id=\"fws_6a045c1b1c5d5\" data-midnight=\"\" data-column-margin=\"default\" class=\"wpb_row vc_row-fluid vc_row inner_row\"  style=\"padding-top: 40px; \"><div class=\"row-bg-wrap\"> <div class=\"row-bg\" ><\/div> <\/div><div class=\"row_col_wrap_12_inner col span_12  left\">\n\t<div  class=\"vc_col-sm-12 wpb_column column_container vc_column_container col child_column no-extra-padding inherit_tablet inherit_phone \"   data-padding-pos=\"all\" data-has-bg-color=\"false\" data-bg-color=\"\" data-bg-opacity=\"1\" data-animation=\"\" data-delay=\"0\" >\n\t\t<div class=\"vc_column-inner\" >\n\t\t<div class=\"wpb_wrapper\">\n\t\t\t\n<div class=\"wpb_text_column wpb_content_element  vc_custom_1705500430093\" >\n\t<div class=\"wpb_wrapper\">\n\t\t<h3>Medidas de Len\u00e7\u00f3is<\/h3>\n\t<\/div>\n<\/div>\n\n\n\n\n\t<div class=\"wpb_raw_code wpb_raw_html wpb_content_element\" >\n\t\t<div class=\"wpb_wrapper\">\n\t\t\t<div class=\"scroll\">\n<table id=\"guia-tamanho\">\n<thead>\n<tr>\n<td class=\"head\" width=\"19%\" style=\"padding-bottom: 4%;\">Tamanho<\/td>\n<td class=\"head\" width=\"23%\" class=\"tsize\">Colch\u00e3o<\/td>\n<td class=\"head\" width=\"31%\" class=\"tsize\">Len\u00e7ol<\/td>\n<td class=\"head\" width=\"27%\" class=\"tsize\">Len\u00e7ol Ajust\u00e1vel<\/td>\n<\/tr>\n<\/thead>\n<tbody>\n<tr class=\"ttop\">\n<td class=\"main\" rowspan=\"2\" class=\"tsize\">Cama de Solteiro<\/a><\/td>\n<td>90<span class=\"tgrey\">x200<\/span><\/td>\n<td><nobr>160 a 180<\/nobr> <span class=\"tgrey\">x 2XX<\/span><\/td>\n<td>90 <span class=\"tgrey\">x 200<\/span><\/td>\n<\/tr>\n<tr class=\"tbreack\">\n<td>105<span class=\"tgrey\">x200<\/span><\/td>\n<td>180 <span class=\"tgrey\">x 2XX<\/span><\/td>\n<td>105 <span class=\"tgrey\">x 200<\/span><\/td>\n<\/tr>\n<tr class=\"ttop\">\n<td class=\"main\" rowspan=\"3\" class=\"tsize\">Cama de Casal<\/td>\n<td>140<span class=\"tgrey\">x200<\/span><\/td>\n<td>220 a 240 <span class=\"tgrey\">x 2XX<\/span><\/td>\n<td>140 <span class=\"tgrey\">x 200<\/span><\/td>\n<\/tr>\n<tr>\n<td>150<span class=\"tgrey\">x200<\/span><\/td>\n<td>240 <span class=\"tgrey\">x 2XX<\/span><\/td>\n<td><nobr>150\/160 <span class=\"tgrey\">x 200<\/span><\/nobr><\/td>\n<\/tr>\n<tr class=\"tbreack\">\n<td>160<span class=\"tgrey\">x200<\/span><\/td>\n<td><nobr>240 a 260 <span class=\"tgrey\">x 3XX<\/span><\/nobr><\/td>\n<td>160 <span class=\"tgrey\">x 200<\/span><\/td>\n<\/tr>\n<tr class=\"ttop\">\n<td class=\"main\" rowspan=\"2\" class=\"tsize\"><nobr>Cama Extra-Larga <\/nobr><\/a><\/td>\n<td>180<span class=\"tgrey\">x200<\/span><\/td>\n<td><nobr>260 a 280 <span class=\"tgrey\">x 3XX<\/span><\/nobr><\/td>\n<td>180 <span class=\"tgrey\">x 200<\/span><\/td>\n<\/tr>\n<tr class=\"tbreack\">\n<td>200<span class=\"tgrey\">x200<\/span><\/td>\n<td>280 <span class=\"tgrey\">x 3XX<\/span><\/td>\n<td>200 <span class=\"tgrey\">x 200<\/span><\/td>\n<\/tr>\n<\/tbody>\n<tfoot>\n<tr>\n<td class=\"last\" colspan=\"4\">largura<span class=\"tgrey\"> x comprimento<\/span> (cm)*<\/td>\n<\/tr>\n<\/tfoot>\n<\/table>\n<\/div>\n\n\t\t<\/div>\n\t<\/div>\n\n\t\t<\/div> \n\t<\/div>\n\t<\/div> \n<\/div><\/div>\n\t\t\t<\/div> \n\t\t<\/div>\n\t<\/div> \n<\/div><\/div>\n\t\t<div id=\"fws_6a045c1b1d11d\"  data-column-margin=\"default\" data-midnight=\"dark\"  class=\"wpb_row vc_row-fluid vc_row\"  style=\"padding-top: 0px; padding-bottom: 0px; \"><div class=\"row-bg-wrap\" data-bg-animation=\"none\" data-bg-animation-delay=\"\" data-bg-overlay=\"false\"><div class=\"inner-wrap row-bg-layer\" ><div class=\"row-bg viewport-desktop\"  style=\"\"><\/div><\/div><\/div><div class=\"row_col_wrap_12 col span_12 dark left\">\n\t<div  class=\"vc_col-sm-12 wpb_column column_container vc_column_container col no-extra-padding inherit_tablet inherit_phone \"  data-padding-pos=\"all\" data-has-bg-color=\"false\" data-bg-color=\"\" data-bg-opacity=\"1\" data-animation=\"\" data-delay=\"0\" >\n\t\t<div class=\"vc_column-inner\" >\n\t\t\t<div class=\"wpb_wrapper\">\n\t\t\t\t\n<div class=\"wpb_text_column wpb_content_element  vc_custom_1705500557159\" >\n\t<div class=\"wpb_wrapper\">\n\t\t<h3><strong>Recomenda\u00e7\u00f5es<\/strong><\/h3>\n<h3><strong>\u00a0<\/strong><\/h3>\n\t<\/div>\n<\/div>\n\n\n\n<div class=\"toggles accordion\" data-br=\"none\" data-starting=\"default\" data-style=\"default\"><div class=\"toggle accent-color\" data-inner-wrap=\"true\"><h3 class=\"toggle-title\"><a href=\"#\" role=\"button\" class=\"toggle-heading\"><i role=\"presentation\" class=\"fa fa-plus-circle\"><\/i>Len\u00e7ol<\/a><\/h3><div><div class=\"inner-toggle-wrap\">\n<div class=\"wpb_text_column wpb_content_element  vc_custom_1705500592356\" >\n\t<div class=\"wpb_wrapper\">\n\t\t<p>Para escolher o tamanho dos len\u00e7\u00f3is, \u00e9 importante considerar a largura do colch\u00e3o e a margem extra de cada lado, pois isso garantir\u00e1 que n\u00e3o fique exposto a diferen\u00e7as de temperatura durante o sono.<\/p>\n<p>A nossa sugest\u00e3o \u00e9 que a margem extra de cada lado tenha entre 40 a 50 cm, ou seja, a largura do len\u00e7ol deve ser superior em 80 a 100 cm \u00e0 largura do colch\u00e3o.<\/p>\n<p>Os len\u00e7\u00f3is da IHCare s\u00e3o fabricados em algod\u00e3o ou linho, fibras naturais com propriedades termorreguladoras e antibacterianas, que ajudam a cuidar da nossa pele e a ter um sono de qualidade?<\/p>\n\t<\/div>\n<\/div>\n\n\n\n<\/div><\/div><\/div><div class=\"toggle accent-color\" data-inner-wrap=\"true\"><h3 class=\"toggle-title\"><a href=\"#\" role=\"button\" class=\"toggle-heading\"><i role=\"presentation\" class=\"fa fa-plus-circle\"><\/i>Len\u00e7\u00f3is Ajust\u00e1veis<\/a><\/h3><div><div class=\"inner-toggle-wrap\">\n<div class=\"wpb_text_column wpb_content_element  vc_custom_1705500669793\" >\n\t<div class=\"wpb_wrapper\">\n\t\t<p>O len\u00e7ol com el\u00e1stico \u00e9 dotado de uma banda el\u00e1stica na volta ou nos cantos, que permite fix\u00e1-lo ao colch\u00e3o. \u00c9 f\u00e1cil de colocar e evita que o len\u00e7ol se mova durante o sono.<\/p>\n<p>Os nossos len\u00e7\u00f3is com el\u00e1stico s\u00e3o adequados para camas com altura de at\u00e9 30 cm, por isso, escolha um tamanho igual ou superior ao comprimento do seu colch\u00e3o.<\/p>\n<p>Se o seu colch\u00e3o tiver uma altura superior a 30 cm, por favor, entre em contacto connosco para garantir que o len\u00e7ol possa ser utilizado corretamente.<\/p>\n<p>Nos jogos de len\u00e7\u00f3is com len\u00e7ol de baixo convencional, pode solicitar que seja adicionada uma banda el\u00e1stica ao len\u00e7ol inferior, transformando-o em um Len\u00e7ol com el\u00e1stico.<\/p>\n\t<\/div>\n<\/div>\n\n\n\n<\/div><\/div><\/div><div class=\"toggle accent-color\" data-inner-wrap=\"true\"><h3 class=\"toggle-title\"><a href=\"#\" role=\"button\" class=\"toggle-heading\"><i role=\"presentation\" class=\"fa fa-plus-circle\"><\/i>Edred\u00f5es | Colchas | Mantas<\/a><\/h3><div><div class=\"inner-toggle-wrap\">\n<div class=\"wpb_text_column wpb_content_element  vc_custom_1705500706926\" >\n\t<div class=\"wpb_wrapper\">\n\t\t<p>Assim como nos len\u00e7\u00f3is, para escolher o tamanho da sua coberta (edredom, colcha ou manta), \u00e9 importante considerar a largura do colch\u00e3o e a margem extra em cada lado.<\/p>\n<p>Recomendamos que a margem extra em cada lado seja de 35 a 50 cm, ou seja, a largura da sua coberta deve ser de 70 a 100 cm maior do que a largura do colch\u00e3o. Certifique-se tamb\u00e9m de ter em conta a altura da sua cama e do colch\u00e3o, para evitar que a coberta toque no ch\u00e3o.<\/p>\n\t<\/div>\n<\/div>\n\n\n\n<\/div><\/div><\/div><div class=\"toggle accent-color\" data-inner-wrap=\"true\"><h3 class=\"toggle-title\"><a href=\"#\" role=\"button\" class=\"toggle-heading\"><i role=\"presentation\" class=\"fa fa-plus-circle\"><\/i>Capas de Edred\u00e3o<\/a><\/h3><div><div class=\"inner-toggle-wrap\">\n<div class=\"wpb_text_column wpb_content_element  vc_custom_1705500740707\" >\n\t<div class=\"wpb_wrapper\">\n\t\t<p>As capas de edred\u00e3o s\u00e3o essenciais para quem gosta de variar a decora\u00e7\u00e3o do quarto, pois protegem o edredom de enchimento e s\u00e3o f\u00e1ceis de cuidar e arrumar.<\/p>\n<p>A capa de edredom deve ter o mesmo tamanho do edredom de enchimento, evitando que a capa se mova durante o sono. Verifique a medida recomendada para o seu edred\u00e3o e compre ambos do mesmo tamanho.<\/p>\n<p>Se j\u00e1 possui um edred\u00e3o de enchimento, verifique as suas medidas para comprar uma capa equivalente.<\/p>\n\t<\/div>\n<\/div>\n\n\n\n<\/div><\/div><\/div><\/div>\n\n\n\n\n\n\n\n\n\n\n\n\n\n\n\n\n\n\n\n\n\t\t\t<\/div> \n\t\t<\/div>\n\t<\/div> \n<\/div><\/div>\n","protected":false},"excerpt":{"rendered":"Guia de Tamanhos Escolha a medida ideal para o seu conforto. As camas e colch\u00f5es t\u00eam variados tamanhos, pelo que dever\u00e1 ter sempre em aten\u00e7\u00e3o as caracter\u00edsticas da sua cama....","protected":false},"author":1,"featured_media":0,"parent":0,"menu_order":0,"comment_status":"closed","ping_status":"closed","template":"","meta":{"_acf_changed":false,"footnotes":""},"class_list":["post-1908","page","type-page","status-publish"],"acf":[],"_links":{"self":[{"href":"https:\/\/myshellty.com\/pt\/wp-json\/wp\/v2\/pages\/1908","targetHints":{"allow":["GET"]}}],"collection":[{"href":"https:\/\/myshellty.com\/pt\/wp-json\/wp\/v2\/pages"}],"about":[{"href":"https:\/\/myshellty.com\/pt\/wp-json\/wp\/v2\/types\/page"}],"author":[{"embeddable":true,"href":"https:\/\/myshellty.com\/pt\/wp-json\/wp\/v2\/users\/1"}],"replies":[{"embeddable":true,"href":"https:\/\/myshellty.com\/pt\/wp-json\/wp\/v2\/comments?post=1908"}],"version-history":[{"count":12,"href":"https:\/\/myshellty.com\/pt\/wp-json\/wp\/v2\/pages\/1908\/revisions"}],"predecessor-version":[{"id":2663,"href":"https:\/\/myshellty.com\/pt\/wp-json\/wp\/v2\/pages\/1908\/revisions\/2663"}],"wp:attachment":[{"href":"https:\/\/myshellty.com\/pt\/wp-json\/wp\/v2\/media?parent=1908"}],"curies":[{"name":"wp","href":"https:\/\/api.w.org\/{rel}","templated":true}]}}