{"id":2105,"date":"2024-01-25T10:18:42","date_gmt":"2024-01-25T10:18:42","guid":{"rendered":"http:\/\/myshellty.com\/?page_id=2105"},"modified":"2026-02-16T16:16:12","modified_gmt":"2026-02-16T16:16:12","slug":"sobre-nos","status":"publish","type":"page","link":"https:\/\/myshellty.com\/pt\/sobre-nos\/","title":{"rendered":"Sobre N\u00f3s"},"content":{"rendered":"\n\t\t<div id=\"contact\"  data-column-margin=\"default\" data-midnight=\"light\" data-top-percent=\"7%\" data-bottom-percent=\"7%\"  class=\"wpb_row vc_row-fluid vc_row full-width-section parallax_section top_padding_tablet_100px top_padding_phone_60px bottom_padding_tablet_100px bottom_padding_phone_100px\"  style=\"padding-top: calc(100vw * 0.07); padding-bottom: calc(100vw * 0.07); \"><div class=\"row-bg-wrap\" data-bg-animation=\"zoom-out-slow\" data-bg-animation-delay=\"\" data-bg-overlay=\"true\"><div class=\"inner-wrap row-bg-layer\" ><div class=\"row-bg viewport-desktop using-bg-color\" data-parallax-speed=\"slow\" style=\"background-color: #ffffff; \"><\/div><\/div><div class=\"row-bg-overlay row-bg-layer\" style=\"background-color:#ffffff;  opacity: 0.95; \"><\/div><\/div><div class=\"row_col_wrap_12 col span_12 light left\">\n\t<div style=\" color: #312e8c;\" class=\"vc_col-sm-6 vertical-align wpb_column column_container vc_column_container col has-animation no-extra-padding inherit_tablet inherit_phone \" data-cfc=\"true\"  data-padding-pos=\"all\" data-has-bg-color=\"false\" data-bg-color=\"\" data-bg-opacity=\"1\" data-animation=\"reveal-from-left\" data-delay=\"0\" >\n\t\t<div class=\"vc_column-inner\" >\n\t\t\t<div class=\"wpb_wrapper\">\n\t\t\t\t\n<div class=\"wpb_text_column wpb_content_element \" style=\" max-width: 800px; display: inline-block;\">\n\t<div class=\"wpb_wrapper\">\n\t\t<h1>Da inspira\u00e7\u00e3o<br \/>\n<strong>\u00e0 realidade<\/strong><\/h1>\n\t<\/div>\n<\/div>\n\n\n\n<div class=\"divider-wrap\" data-alignment=\"default\"><div style=\"margin-top: 25px; height: 2px; margin-bottom: 25px;\" data-width=\"100%\" data-animate=\"\" data-animation-delay=\"\" data-color=\"extra-color-2\" class=\"divider-border\"><\/div><\/div>\n<div class=\"wpb_text_column wpb_content_element \" style=\" max-width: 800px; display: inline-block;\">\n\t<div class=\"wpb_wrapper\">\n\t\t<p>A IHCare pretende constituir-se como elemento diferenciador no mercado nacional e internacional, melhorando a qualidade de vida das pessoas, auxiliando a customiza\u00e7\u00e3o de gastos para as entidades. A IHCare promove uma cultura focada em Qualidade a fim de garantir a seguran\u00e7a dos clientes, estabelecendo como prioridade m\u00e1xima a qualidade e efic\u00e1cia dos produtos.<\/p>\n<p>O nosso comportamento \u00e9 pautado pela in ova\u00e7\u00e3o, empreendedorismo e proximidade. Exploramos e descobrimos, continuamente, solu\u00e7\u00f5es que acrescentam valor, com esp\u00edrito aventureiro e empreendedor, prosperamos colocando sempre as pessoas em primeiro lugar.<\/p>\n\t<\/div>\n<\/div>\n\n\n\n\n\t\t\t<\/div> \n\t\t<\/div>\n\t<\/div> \n\n\t<div style=\" color: #1a1f3c;\" class=\"vc_col-sm-6 wpb_column column_container vc_column_container col has-animation no-extra-padding inherit_tablet inherit_phone \" data-cfc=\"true\"  data-padding-pos=\"all\" data-has-bg-color=\"false\" data-bg-color=\"\" data-bg-opacity=\"1\" data-animation=\"reveal-from-right\" data-delay=\"0\" >\n\t\t<div class=\"vc_column-inner\" >\n\t\t\t<div class=\"wpb_wrapper\">\n\t\t\t\t<div class=\"nectar-flickity not-initialized nectar-carousel\" data-centered-cells=\"false\" data-pause-on-hover=\"\" data-touch-icon-color=\"default\" data-control-color=\"default\" data-overflow=\"hidden\" data-r-bottom-total=\"\" data-drag-scale=\"\" data-wrap=\"wrap\" data-spacing=\"default\" data-controls=\"default\" data-pagination-alignment=\"default\" data-adaptive-height=\"\" data-border-radius=\"none\" data-column-border=\"\" data-column-padding=\"0\" data-format=\"default\" data-autoplay=\"\" data-autoplay-dur=\"5000\" data-control-style=\"material_pagination\" data-desktop-columns=\"1\" data-small-desktop-columns=\"1\" data-tablet-columns=\"1\" data-phone-columns=\"1\" data-column-color=\"\"><div class=\"flickity-viewport\"> <div class=\"flickity-slider\"><div class=\"cell \"><div class=\"inner-wrap-outer\"><div class=\"inner-wrap\" ><div class=\"img-with-aniamtion-wrap \" data-max-width=\"100%\" data-max-width-mobile=\"default\" data-shadow=\"none\" data-animation=\"none\" >\n      <div class=\"inner\">\n        <div class=\"hover-wrap\"> \n          <div class=\"hover-wrap-inner\">\n            <img loading=\"lazy\" decoding=\"async\" class=\"img-with-animation empresa-main-banner-img skip-lazy\" data-delay=\"0\" height=\"1167\" width=\"1750\" data-animation=\"none\" src=\"https:\/\/myshellty.com\/wp-content\/uploads\/2024\/01\/hand-soft-duvet-1.jpg\" alt=\"hand-soft-duvet\" srcset=\"https:\/\/myshellty.com\/wp-content\/uploads\/2024\/01\/hand-soft-duvet-1.jpg 1750w, https:\/\/myshellty.com\/wp-content\/uploads\/2024\/01\/hand-soft-duvet-1-300x200.jpg 300w, https:\/\/myshellty.com\/wp-content\/uploads\/2024\/01\/hand-soft-duvet-1-1024x683.jpg 1024w, https:\/\/myshellty.com\/wp-content\/uploads\/2024\/01\/hand-soft-duvet-1-768x512.jpg 768w, https:\/\/myshellty.com\/wp-content\/uploads\/2024\/01\/hand-soft-duvet-1-1536x1024.jpg 1536w, https:\/\/myshellty.com\/wp-content\/uploads\/2024\/01\/hand-soft-duvet-1-900x600.jpg 900w, https:\/\/myshellty.com\/wp-content\/uploads\/2024\/01\/hand-soft-duvet-1-675x450.jpg 675w, https:\/\/myshellty.com\/wp-content\/uploads\/2024\/01\/hand-soft-duvet-1-600x400.jpg 600w\" sizes=\"auto, (max-width: 1750px) 100vw, 1750px\" title=\"\">\n          <\/div>\n        <\/div>\n      <\/div>\n    <\/div><\/div><\/div><\/div><div class=\"cell \"><div class=\"inner-wrap-outer\"><div class=\"inner-wrap\" >\n<div class=\"wpb_text_column wpb_content_element \" >\n\t<div class=\"wpb_wrapper\">\n\t\t\t<\/div>\n<\/div>\n\n\n\n<\/div><\/div><\/div><div class=\"cell \"><div class=\"inner-wrap-outer\"><div class=\"inner-wrap\" >\n<div class=\"wpb_text_column wpb_content_element \" >\n\t<div class=\"wpb_wrapper\">\n\t\t\t<\/div>\n<\/div>\n\n\n\n<\/div><\/div><\/div><\/div><\/div><\/div>\n\t\t\t<\/div> \n\t\t<\/div>\n\t<\/div> \n<\/div><\/div>\n\t\t<div id=\"loja\"  data-column-margin=\"default\" data-midnight=\"light\" data-top-percent=\"4%\" data-bottom-percent=\"4%\"  class=\"wpb_row vc_row-fluid vc_row full-width-section parallax_section top_padding_tablet_100px top_padding_phone_60px bottom_padding_tablet_100px bottom_padding_phone_100px\"  style=\"padding-top: calc(100vw * 0.04); padding-bottom: calc(100vw * 0.04); \"><div class=\"row-bg-wrap\" data-bg-animation=\"zoom-out-slow\" data-bg-animation-delay=\"\" data-bg-overlay=\"true\"><div class=\"inner-wrap row-bg-layer\" ><div class=\"row-bg viewport-desktop using-bg-color\" data-parallax-speed=\"slow\" style=\"background-color: #312e8c; \"><\/div><\/div><div class=\"row-bg-overlay row-bg-layer\" style=\"background: #f2f2f2; background: linear-gradient(to bottom,#f2f2f2 0%,#ffffff 100%);  opacity: 1; \"><\/div><\/div><div class=\"row_col_wrap_12 col span_12 light left\">\n\t<div  class=\"vc_col-sm-6 wpb_column column_container vc_column_container col no-extra-padding inherit_tablet inherit_phone \"  data-padding-pos=\"all\" data-has-bg-color=\"false\" data-bg-color=\"\" data-bg-opacity=\"1\" data-animation=\"\" data-delay=\"0\" >\n\t\t<div class=\"vc_column-inner\" >\n\t\t\t<div class=\"wpb_wrapper\">\n\t\t\t\t<div id=\"map_6a045ba721644\" style=\"height: 500px;\" class=\"nectar-leaflet-map\" data-infowindow-start-open=\"\" data-dark-color-scheme=\"\" data-marker-style=\"default\" data-nectar-marker-color=\"extra-color-1\" data-ultra-flat=\"\" data-greyscale=\"1\" data-extra-color=\"\" data-enable-animation=\"false\" data-enable-zoom=\"\" data-zoom-level=\"20\" data-center-lat=\"40.215189892018266\" data-center-lng=\" -8.43604894569266\" data-marker-img=\"https:\/\/myshellty.com\/wp-content\/uploads\/2024\/01\/my-shellty-loading-icon.png\"><\/div><div class=\"map_6a045ba721644 map-marker-list\"><div class=\"map-marker\" data-marker-image-width=\"50\" data-marker-image-height=\"50\" data-lat=\"40.21519398842117 \" data-lng=\" -8.436047604588218 \" data-mapinfo=\" My Shellty\"><\/div><\/div>\n\t\t\t<\/div> \n\t\t<\/div>\n\t<\/div> \n\n\t<div style=\" color: #312e8c;\" class=\"vc_col-sm-6 vertical-align wpb_column column_container vc_column_container col has-animation no-extra-padding inherit_tablet inherit_phone \" data-cfc=\"true\"  data-padding-pos=\"all\" data-has-bg-color=\"false\" data-bg-color=\"\" data-bg-opacity=\"1\" data-animation=\"reveal-from-left\" data-delay=\"0\" >\n\t\t<div class=\"vc_column-inner\" >\n\t\t\t<div class=\"wpb_wrapper\">\n\t\t\t\t<div class=\"nectar_icon_wrap \" data-style=\"default\" data-padding=\"20px\" data-color=\"extra-color-3\" style=\"\" >\n\t\t<div class=\"nectar_icon\" ><i style=\"font-size: 32px; line-height: 32px; height: 32px; width: 32px;\" class=\"fa fa-map-marker\"><\/i><\/div>\n\t<\/div>\n<div class=\"wpb_text_column wpb_content_element \" style=\" max-width: 800px; display: inline-block;\">\n\t<div class=\"wpb_wrapper\">\n\t\t<h2 style=\"text-align: left;\">Visite Nossa Loja!<\/h2>\n\t<\/div>\n<\/div>\n\n\n\n<div class=\"divider-wrap\" data-alignment=\"default\"><div style=\"margin-top: 25px; height: 2px; margin-bottom: 25px;\" data-width=\"100%\" data-animate=\"\" data-animation-delay=\"\" data-color=\"extra-color-2\" class=\"divider-border\"><\/div><\/div>\n<div class=\"wpb_text_column wpb_content_element \" >\n\t<div class=\"wpb_wrapper\">\n\t\t<h4><span class=\"HwtZe\" lang=\"pt\"><span class=\"jCAhz ChMk0b\"><span class=\"ryNqvb\">Venha fazer-nos uma visita! Teremos o prazer de receb\u00ea-lo(a) e tornar a sua experi\u00eancia de compra inesquec\u00edvel. <\/span><\/span><\/span><\/h4>\n\t<\/div>\n<\/div>\n\n\n\n\n\t\t\t<\/div> \n\t\t<\/div>\n\t<\/div> \n<\/div><\/div>\n","protected":false},"excerpt":{"rendered":"Da inspira\u00e7\u00e3o \u00e0 realidade A IHCare pretende constituir-se como elemento diferenciador no mercado nacional e internacional, melhorando a qualidade de vida das pessoas, auxiliando a customiza\u00e7\u00e3o de gastos para as...","protected":false},"author":1,"featured_media":0,"parent":0,"menu_order":0,"comment_status":"closed","ping_status":"closed","template":"","meta":{"_acf_changed":false,"footnotes":""},"class_list":["post-2105","page","type-page","status-publish"],"acf":[],"_links":{"self":[{"href":"https:\/\/myshellty.com\/pt\/wp-json\/wp\/v2\/pages\/2105","targetHints":{"allow":["GET"]}}],"collection":[{"href":"https:\/\/myshellty.com\/pt\/wp-json\/wp\/v2\/pages"}],"about":[{"href":"https:\/\/myshellty.com\/pt\/wp-json\/wp\/v2\/types\/page"}],"author":[{"embeddable":true,"href":"https:\/\/myshellty.com\/pt\/wp-json\/wp\/v2\/users\/1"}],"replies":[{"embeddable":true,"href":"https:\/\/myshellty.com\/pt\/wp-json\/wp\/v2\/comments?post=2105"}],"version-history":[{"count":22,"href":"https:\/\/myshellty.com\/pt\/wp-json\/wp\/v2\/pages\/2105\/revisions"}],"predecessor-version":[{"id":3858,"href":"https:\/\/myshellty.com\/pt\/wp-json\/wp\/v2\/pages\/2105\/revisions\/3858"}],"wp:attachment":[{"href":"https:\/\/myshellty.com\/pt\/wp-json\/wp\/v2\/media?parent=2105"}],"curies":[{"name":"wp","href":"https:\/\/api.w.org\/{rel}","templated":true}]}}