{"id":3,"date":"2024-01-15T11:56:19","date_gmt":"2024-01-15T11:56:19","guid":{"rendered":"http:\/\/myshellty.com\/?page_id=3"},"modified":"2024-02-27T17:54:45","modified_gmt":"2024-02-27T17:54:45","slug":"politica-de-privacidade","status":"publish","type":"page","link":"https:\/\/myshellty.com\/pt\/politica-de-privacidade\/","title":{"rendered":"Pol\u00edtica de Privacidade"},"content":{"rendered":"\n\t\t<div id=\"politica-privacidade\"  data-column-margin=\"default\" data-midnight=\"light\" data-top-percent=\"6%\" data-bottom-percent=\"6%\"  class=\"wpb_row vc_row-fluid vc_row full-width-section parallax_section top_padding_tablet_100px top_padding_phone_50px bottom_padding_tablet_100px bottom_padding_phone_50px\"  style=\"padding-top: calc(100vw * 0.06); padding-bottom: calc(100vw * 0.06); \"><div class=\"row-bg-wrap\" data-bg-animation=\"zoom-out-slow\" data-bg-animation-delay=\"\" data-bg-overlay=\"true\"><div class=\"inner-wrap row-bg-layer using-image\" ><div class=\"row-bg viewport-desktop using-image using-bg-color\" data-parallax-speed=\"slow\" style=\"background-position: left top; background-repeat: no-repeat; background-color: #ffffff; \"><\/div><\/div><div class=\"row-bg-overlay row-bg-layer\" style=\"background: #f2f2f2; background: linear-gradient(to bottom,#f2f2f2 0%,#ffffff 100%);  opacity: 1; \"><\/div><\/div><div class=\"row_col_wrap_12 col span_12 light left\">\n\t<div style=\" color: #1a1f3c;\" class=\"vc_col-sm-12 wpb_column column_container vc_column_container col no-extra-padding inherit_tablet inherit_phone \" data-cfc=\"true\"  data-padding-pos=\"all\" data-has-bg-color=\"false\" data-bg-color=\"\" data-bg-opacity=\"1\" data-animation=\"\" data-delay=\"0\" >\n\t\t<div class=\"vc_column-inner\" >\n\t\t\t<div class=\"wpb_wrapper\">\n\t\t\t\t\n<div class=\"wpb_text_column wpb_content_element \" >\n\t<div class=\"wpb_wrapper\">\n\t\t<h1>Pol\u00edtica de Privacidade<\/h1>\n\t<\/div>\n<\/div>\n\n\n\n<div class=\"divider-wrap\" data-alignment=\"default\"><div style=\"margin-top: 35px; height: 2px; margin-bottom: 35px;\" data-width=\"100%\" data-animate=\"yes\" data-animation-delay=\"\" data-color=\"extra-color-2\" class=\"divider-border\"><\/div><\/div>\n<div class=\"wpb_text_column wpb_content_element  vc_custom_1705404285425\" >\n\t<div class=\"wpb_wrapper\">\n\t\t<p><span class=\"HwtZe\" lang=\"en\">A iHCare SA. respeita a sua privacidade e providencia medidas para proteger os dados que partilha connosco (tal como email, morada, contacto telef\u00f3nico, etc.). Esta Pol\u00edtica de Privacidade foi criada exclusivamente para explicar de que forma recolhemos os seus dados, com que intuito o fazemos, e quais s\u00e3o os seus direitos quanto \u00e0 utiliza\u00e7\u00e3o dos mesmos.<br \/>\n<\/span><\/p>\n<p><span class=\"HwtZe\" lang=\"en\"><span class=\"jCAhz ChMk0b\"><span class=\"ryNqvb\">Ao utilizar o website, assim como outras plataformas da iHCare AS, consideramos que concorda com nossa Pol\u00edtica de Privacidade.<\/span><\/span><\/span><\/p>\n<ol>\n<li><strong><span class=\"HwtZe\" lang=\"en\"><span class=\"jCAhz ChMk0b\"><span class=\"ryNqvb\">Origem e tipo de dados pessoais recolhidos<\/span><\/span><\/span><\/strong><\/li>\n<li><strong><span class=\"HwtZe\" lang=\"en\"><span class=\"jCAhz ChMk0b\"><span class=\"ryNqvb\">Finalidade dos Dados Pessoais<\/span><\/span><\/span><\/strong><\/li>\n<li><strong><span class=\"HwtZe\" lang=\"en\"><span class=\"jCAhz ChMk0b\"><span class=\"ryNqvb\">Privacidade e Prote\u00e7\u00e3o de Dados Pessoais<\/span><\/span><\/span><\/strong><\/li>\n<li><strong><span class=\"HwtZe\" lang=\"en\"><span class=\"jCAhz ChMk0b\"><span class=\"ryNqvb\">Prazo e conserva\u00e7\u00e3o dos Dados Pessoais<\/span><\/span><\/span><\/strong><\/li>\n<li><strong><span class=\"HwtZe\" lang=\"en\"><span class=\"jCAhz ChMk0b\"><span class=\"ryNqvb\">Direitos do Utilizador<\/span><\/span><\/span><\/strong><\/li>\n<li><strong><span class=\"HwtZe\" lang=\"en\"><span class=\"jCAhz ChMk0b\"><span class=\"ryNqvb\">Pol\u00edtica de Cookies<\/span><\/span><\/span><\/strong><\/li>\n<li><strong><span class=\"HwtZe\" lang=\"en\"><span class=\"jCAhz ChMk0b\"><span class=\"ryNqvb\">Altera\u00e7\u00f5es \u00e0 Pol\u00edtica de Privacidade da iHCare SA<\/span><\/span><\/span><\/strong><\/li>\n<li><strong><span class=\"HwtZe\" lang=\"en\"><span class=\"jCAhz ChMk0b\"><span class=\"ryNqvb\">Contactos<\/span><\/span><\/span><\/strong><\/li>\n<\/ol>\n<p>&nbsp;<\/p>\n<h3><strong>1. <span class=\"HwtZe\" lang=\"en\"><span class=\"jCAhz ChMk0b\"><span class=\"ryNqvb\">Origem e tipo de dados pessoais recolhidos<\/span><\/span><\/span><\/strong><\/h3>\n<p><span class=\"HwtZe\" lang=\"en\"><span class=\"jCAhz ChMk0b\"><span class=\"ryNqvb\">Por Dados Pessoais entende-se toda a informa\u00e7\u00e3o que o possa identificar enquanto pessoa singular, tal como nome, morada, e-mail, contacto telef\u00f3nico, n\u00famero fiscal, ou dados do seu cart\u00e3o de cr\u00e9dito.<\/span><\/span><\/span><\/p>\n<p><span class=\"HwtZe\" lang=\"en\"><span class=\"jCAhz ChMk0b\"><span class=\"ryNqvb\">Estas informa\u00e7\u00f5es podem ser recolhidas atrav\u00e9s de:<\/span><\/span><\/span><\/p>\n<ul>\n<li><span class=\"HwtZe\" lang=\"en\"> <span class=\"jCAhz ChMk0b\"><span class=\"ryNqvb\">Processo de registo no nosso website aquando da cria\u00e7\u00e3o da sua conta de cliente;<\/span><\/span><\/span><\/li>\n<li><span class=\"HwtZe\" lang=\"en\"><span class=\"jCAhz ChMk0b\"><span class=\"ryNqvb\">Informa\u00e7\u00f5es de transa\u00e7\u00f5es no ato de uma compra atrav\u00e9s do nosso website;<\/span><\/span><\/span><\/li>\n<li><span class=\"HwtZe\" lang=\"en\"><span class=\"jCAhz ChMk0b\"><span class=\"ryNqvb\">C\u00f3pias de registos de comunica\u00e7\u00f5es e contatos trocados entre o utilizador e a iHCare SA;<\/span><\/span><\/span><\/li>\n<li><span class=\"HwtZe\" lang=\"en\"><span class=\"jCAhz ChMk0b\"><span class=\"ryNqvb\">Respostas fornecidas em question\u00e1rios para fins de an\u00e1lises estat\u00edsticas;<\/span><\/span><\/span><\/li>\n<li><span class=\"HwtZe\" lang=\"en\"><span class=\"jCAhz ChMk0b\"><span class=\"ryNqvb\">Preenchimento de formul\u00e1rios existentes no nosso website;<\/span><\/span><\/span><\/li>\n<li><span class=\"HwtZe\" lang=\"en\"><span class=\"jCAhz ChMk0b\"><span class=\"ryNqvb\">Subscri\u00e7\u00e3o de Newsletters;<\/span><\/span> <\/span><\/li>\n<\/ul>\n<p>&nbsp;<\/p>\n<h3><strong>2.<span class=\"HwtZe\" lang=\"en\"><span class=\"jCAhz ChMk0b\"><span class=\"ryNqvb\">Finalidade dos Dados Pessoais<\/span><\/span><\/span><\/strong><\/h3>\n<p><span class=\"HwtZe\" lang=\"en\"><span class=\"jCAhz ChMk0b\"><span class=\"ryNqvb\">Os dados recolhidos no nosso website destinam-se a:<br \/>\n<\/span><\/span><\/span><\/p>\n<ul>\n<li><span class=\"HwtZe\" lang=\"en\"><span class=\"jCAhz ChMk0b\"><span class=\"ryNqvb\">Fornecimento de informa\u00e7\u00f5es sobre produtos e servi\u00e7os aos nossos Clientes;<\/span><\/span><\/span><\/li>\n<li><span class=\"HwtZe\" lang=\"en\"><span class=\"jCAhz ChMk0b\"><span class=\"ryNqvb\">Esclarecimento de qualquer d\u00favida relacionada com o processamento de encomendas e\/ou de eventuais reclama\u00e7\u00f5es;<\/span><\/span><\/span><\/li>\n<li><span class=\"HwtZe\" lang=\"en\"><span class=\"jCAhz ChMk0b\"><span class=\"ryNqvb\">Processamento de pedidos de informa\u00e7\u00e3o por parte dos Clientes;<\/span><\/span><\/span><\/li>\n<li><span class=\"HwtZe\" lang=\"en\"><span class=\"jCAhz ChMk0b\"><span class=\"ryNqvb\">Processamento e entrega de encomendas;<\/span><\/span><\/span><\/li>\n<li><span class=\"HwtZe\" lang=\"en\"><span class=\"jCAhz ChMk0b\"><span class=\"ryNqvb\">Envio de informa\u00e7\u00e3o sobre promo\u00e7\u00f5es;<\/span><\/span><\/span><\/li>\n<li><span class=\"HwtZe\" lang=\"en\"><span class=\"jCAhz ChMk0b\"><span class=\"ryNqvb\">Envio de informa\u00e7\u00f5es sobre o lan\u00e7amento de novos produtos;<\/span><\/span><\/span><\/li>\n<li><span class=\"HwtZe\" lang=\"en\"><span class=\"jCAhz ChMk0b\"><span class=\"ryNqvb\">Estudos de mercado, avalia\u00e7\u00e3o de perfil e prefer\u00eancias de consumidores, com a finalidade de:<\/span><\/span><\/span>\n<ul>\n<li><span class=\"HwtZe\" lang=\"en\"><span class=\"jCAhz ChMk0b\"><span class=\"ryNqvb\">Detetar poss\u00edveis tend\u00eancias de mercado;<\/span><\/span><\/span><\/li>\n<li><span class=\"HwtZe\" lang=\"en\"><span class=\"jCAhz ChMk0b\"><span class=\"ryNqvb\">Cria\u00e7\u00e3o de sugest\u00f5es pessoais;<\/span><\/span><\/span><\/li>\n<li><span class=\"HwtZe\" lang=\"en\"><span class=\"jCAhz ChMk0b\"><span class=\"ryNqvb\">An\u00e1lise do comportamento dos utilizadores de modo a melhorar a experi\u00eancia na loja;<\/span><\/span><\/span><\/li>\n<li><span class=\"HwtZe\" lang=\"en\"> <span class=\"jCAhz ChMk0b\"><span class=\"ryNqvb\">Otimizar os nossos produtos e servi\u00e7os;<\/span><\/span><\/span><\/li>\n<\/ul>\n<\/li>\n<li><span class=\"HwtZe\" lang=\"en\"><span class=\"jCAhz ChMk0b\"><span class=\"ryNqvb\">Envio de convites para iniciativas que tenham a participa\u00e7\u00e3o da iHCare SA;<\/span><\/span><\/span><\/li>\n<li><span class=\"HwtZe\" lang=\"en\"><span class=\"jCAhz ChMk0b\"><span class=\"ryNqvb\">Campanhas e acontecimentos relacionados com a empresa, suas associadas ou parceiros;<\/span><\/span><\/span><\/li>\n<li><span class=\"HwtZe\" lang=\"en\"><span class=\"jCAhz ChMk0b\"><span class=\"ryNqvb\">Detetar, investigar e impedir atividades que possam ser ilegais ou violar as nossas pol\u00edticas.<\/span><\/span><\/span><\/li>\n<li><\/li>\n<\/ul>\n<p><span class=\"HwtZe\" lang=\"en\">De modo a cumprir com alguns dos pressupostos acima mencionados, a iHCare SA poder\u00e1 transmitir Dados Pessoais do Utilizador para sociedades pertencentes ao Grupo iHCare SA ou a terceiros subcontratados para presta\u00e7\u00e3o de servi\u00e7os de suporte, tais como organismos financeiros, entidades de combate \u00e0 fraude, prestadores de servi\u00e7os tecnol\u00f3gicos, log\u00edsticos e servi\u00e7os ao cliente e\/ou servi\u00e7os de an\u00e1lise de transa\u00e7\u00f5es efetuados na Plataforma com o objetivo de oferecer aos utilizadores garantias suficientes no \u00e2mbito de opera\u00e7\u00f5es comerciais, etc.<br \/>\n<\/span><\/p>\n<p><span class=\"HwtZe\" lang=\"en\"><span class=\"jCAhz ChMk0b\"><span class=\"ryNqvb\">Os seus dados n\u00e3o ser\u00e3o utilizados para fins diferentes daqueles para que nos deu o consentimento.<\/span><\/span><\/span><\/p>\n<p><span class=\"HwtZe\" lang=\"en\"><span class=\"jCAhz ChMk0b\"><span class=\"ryNqvb\">Caso n\u00e3o pretenda fornecer os seus dados, ficar\u00e1 impossibilitado de adquirir os nossos produtos, ou aceder a informa\u00e7\u00e3o sobre determinados servi\u00e7os, ofertas, promo\u00e7\u00f5es e conte\u00fados relacionados com a empresa, associados ou parceiros.<\/span><\/span><\/span><\/p>\n<p>&nbsp;<\/p>\n<h3><strong><span class=\"HwtZe\" lang=\"en\"><span class=\"jCAhz ChMk0b\"><span class=\"ryNqvb\">3.Privacidade e Prote\u00e7\u00e3o de Dados Pessoais<\/span><\/span><\/span><\/strong><\/h3>\n<p><span class=\"HwtZe\" lang=\"en\"><span class=\"jCAhz ChMk0b\"><span class=\"ryNqvb\">Os dados pessoais que nos indicou ser\u00e3o tratados com vista \u00e0s finalidades descritas no ponto 2 dos presentes Termos e Condi\u00e7\u00f5es, pela iHCare SA, e suas participadas.<\/span><\/span><\/span><\/p>\n<p><span class=\"HwtZe\" lang=\"en\"><span class=\"jCAhz ChMk0b\"><span class=\"ryNqvb\">Assim, a sociedade iHCare SA \u00e9 a respons\u00e1vel pelo tratamento dos seus dados pessoais, por meios automatizados ou n\u00e3o, desde a sua recolha, organiza\u00e7\u00e3o, conserva\u00e7\u00e3o at\u00e9 \u00e0 elimina\u00e7\u00e3o, garantindo a confidencialidade de todos os dados fornecidos por si.<\/span><\/span><\/span><\/p>\n<p><span class=\"HwtZe\" lang=\"en\"><span class=\"jCAhz ChMk0b\"><span class=\"ryNqvb\">A iHCare SA pauta-se pelo rigoroso cumprimento das normas relativas ao tratamento de dados pessoais, que atualmente est\u00e3o previstas no Regulamento (EU) 2016\/679, do Parlamento Europeu e do Conselho de 27 de Abril de 2016.<\/span><\/span><\/span><\/p>\n<p class=\" translation-block\">A iHCare SA assegura que os dados recolhidos s\u00e3o os estritamente necess\u00e1rios ao cumprimento das finalidades de gest\u00e3o de clientes (incluindo a defini\u00e7\u00e3o de perfis); marketing e publicidade, fatura\u00e7\u00e3o de compras, entregas e reclama\u00e7\u00f5es.<\/p>\n<p><span class=\"HwtZe\" lang=\"en\"><span class=\"jCAhz ChMk0b\"><span class=\"ryNqvb\">A iHCare SA recorre apenas a subcontratantes que apresentem garantias suficientes de aplica\u00e7\u00e3o do RGPD (EU 2016\/679) e da pol\u00edtica interna de privacidade e prote\u00e7\u00e3o de dados do respons\u00e1vel pelo tratamento de dados e que assegurem a defesa dos direitos do titular dos dados.<\/span><\/span><\/span><\/p>\n<p>&nbsp;<\/p>\n<h3><strong><span class=\"HwtZe\" lang=\"en\"><span class=\"jCAhz ChMk0b\"><span class=\"ryNqvb\">4. Prazo e conserva\u00e7\u00e3o dos Dados Pessoais<\/span><\/span><\/span><\/strong><\/h3>\n<p><span class=\"HwtZe\" lang=\"en\">Os seus dados ser\u00e3o guardados pelo per\u00edodo de cinco anos a contar da concess\u00e3o deste consentimento ou, caso tenha celebrado connosco contrato de compra ou presta\u00e7\u00e3o de servi\u00e7os, os mesmos ser\u00e3o guardados pelo per\u00edodo de dez anos a contar da data da \u00faltima compra efetuada, ou por tempo superior se assim a lei o estabelecer.<br \/>\n<\/span><\/p>\n<p>&nbsp;<\/p>\n<h3><strong><span class=\"HwtZe\" lang=\"en\"><span class=\"jCAhz ChMk0b\"><span class=\"ryNqvb\">5. Direitos do Utilizador<\/span><\/span><\/span><\/strong><\/h3>\n<p><span class=\"HwtZe\" lang=\"en\"><span class=\"jCAhz ChMk0b\"><span class=\"ryNqvb\">A qualquer momento, e de forma gratuita, pode exercer o direito de pedir \u00e0 iHCare SA para:<\/span><\/span><\/span><\/p>\n<ul>\n<li><span class=\"HwtZe\" lang=\"en\"><span class=\"jCAhz ChMk0b\"><span class=\"ryNqvb\">Aceder aos seus dados pessoais;<\/span><\/span><\/span><\/li>\n<li><span class=\"HwtZe\" lang=\"en\"> <span class=\"jCAhz ChMk0b\"><span class=\"ryNqvb\">Solicitar a retifica\u00e7\u00e3o dos seus dados pessoais;<\/span><\/span><\/span><\/li>\n<li><span class=\"HwtZe\" lang=\"en\"><span class=\"jCAhz ChMk0b\"><span class=\"ryNqvb\">Solicitar a elimina\u00e7\u00e3o dos seus dados pessoais;<\/span><\/span><\/span><\/li>\n<li><span class=\"HwtZe\" lang=\"en\"><span class=\"jCAhz ChMk0b\"><span class=\"ryNqvb\">Solicitar a limita\u00e7\u00e3o do tratamento dos seus Dados Pessoais;<\/span><\/span><\/span><\/li>\n<li><span class=\"HwtZe\" lang=\"en\"><span class=\"jCAhz ChMk0b\"><span class=\"ryNqvb\">Solicitar a oposi\u00e7\u00e3o ou retirada de consentimentos anteriores;<\/span><\/span><\/span><\/li>\n<li><span class=\"HwtZe\" lang=\"en\"><span class=\"jCAhz ChMk0b\"><span class=\"ryNqvb\">Solicitar a portabilidade dos seus dados para outra entidade por si indicada.<\/span><\/span><\/span><\/li>\n<\/ul>\n<p><span class=\"HwtZe\" lang=\"en\"><span class=\"jCAhz ChMk0b\"><span class=\"ryNqvb\">Caso exista obriga\u00e7\u00e3o legalmente imposta que se sobreponha a estes direitos, a iHCare SA fundamentar\u00e1 a respetiva recusa.<\/span><\/span><\/span><\/p>\n<p><span class=\"HwtZe\" lang=\"en\"><span class=\"jCAhz ChMk0b\"><span class=\"ryNqvb\">Caso considere que os seus dados n\u00e3o est\u00e3o a ser tratados em conformidade com a legisla\u00e7\u00e3o aplic\u00e1vel, designadamente europeia e nacional, lembramos que tem o direito de apresentar reclama\u00e7\u00e3o a uma autoridade de controlo.<\/span><\/span><\/span><\/p>\n<p>&nbsp;<\/p>\n<h3><strong>6. Cookies<\/strong><\/h3>\n<p><span class=\"HwtZe\" lang=\"en\"><span class=\"jCAhz ChMk0b\"><span class=\"ryNqvb\">Um cookie \u00e9 um pequeno ficheiro de texto que um site coloca no seu computador, telefone ou qualquer outro dispositivo, com informa\u00e7\u00e3o sobre a sua navega\u00e7\u00e3o no referido site. Pode obter mais informa\u00e7\u00e3o sobre o nosso uso de Cookies atrav\u00e9s da nossa Pol\u00edtica de Cookies.<\/span><\/span>\u00a0<\/span><\/p>\n<p>&nbsp;<\/p>\n<h3><strong>7. <span class=\"HwtZe\" lang=\"en\"><span class=\"jCAhz ChMk0b\"><span class=\"ryNqvb\">Altera\u00e7\u00f5es \u00e0 Pol\u00edtica de Privacidade da iHCare SA<\/span><\/span><\/span><\/strong><\/h3>\n<p class=\" translation-block\">\u00c0 iHCare SA reserva-se o direito de atualizar, periodicamente, esta Pol\u00edtica de Privacidade. Qualquer atualiza\u00e7\u00e3o realizada, a mesma ser\u00e1 anunciada n\u00e3o s\u00f3 atrav\u00e9s do nosso website, como atrav\u00e9s de outros meios de comunica\u00e7\u00e3o que a empresa entenda como mais adequados. A informa\u00e7\u00e3o ser\u00e1 enviada, para todos os nossos clientes ou potenciais clientes, para os meios de contacto indicados.<\/p>\n<p><span class=\"HwtZe\" lang=\"en\"><span class=\"jCAhz ChMk0b\"><span class=\"ryNqvb\">O uso continuado do nosso website, aplica\u00e7\u00f5es, servi\u00e7os e recursos oferecidos ap\u00f3s tal comunica\u00e7\u00e3o ter\u00e1 valor de, e ser\u00e1 considerado como, a sua concord\u00e2ncia com tais altera\u00e7\u00f5es.<\/span><\/span><\/span><\/p>\n<p><span class=\"HwtZe\" lang=\"en\"><span class=\"jCAhz ChMk0b\"><span class=\"ryNqvb\">A vers\u00e3o em vigor foi publicada em 01-09-2023.<\/span><\/span><\/span><\/p>\n<p>&nbsp;<\/p>\n<h3><strong><span class=\"HwtZe\" lang=\"en\"> <span class=\"jCAhz ChMk0b\"><span class=\"ryNqvb\">8. Contactos<\/span><\/span><\/span><\/strong><\/h3>\n<p><span class=\"HwtZe\" lang=\"en\"><span class=\"jCAhz ChMk0b\"><span class=\"ryNqvb\">Se tiver alguma d\u00favida relacionada com a nossa pol\u00edtica de privacidade, entre em contacto connosco atrav\u00e9s dos seguintes meios:<\/span><\/span><\/span><\/p>\n<p><span class=\"HwtZe\" lang=\"en\"><span class=\"jCAhz ChMk0b\"><span class=\"ryNqvb\">Email: support@ihcare.pt<\/span><\/span><\/span><br \/>\n<span class=\"HwtZe\" lang=\"en\"><span class=\"jCAhz ChMk0b\"><span class=\"ryNqvb\">Telefone: 239 551 014<\/span><\/span><\/span><br \/>\n<span class=\"HwtZe\" lang=\"en\"><span class=\"jCAhz ChMk0b\"><span class=\"ryNqvb\">Morada: Quinta Vale do Espinhal, EM558 1, 3230-343 Penela<\/span><\/span><\/span><br \/>\n<span class=\"HwtZe\" lang=\"en\"><span class=\"jCAhz ChMk0b\"><span class=\"ryNqvb\">Encarregado\/a de Prote\u00e7\u00e3o de Dados (DPO): iHCare SA<\/span><\/span><\/span><\/p>\n<p class=\" translation-block\">Para qualquer quest\u00e3o legal, pode contactar a nossa entidade competente, a Comiss\u00e3o Nacional de Prote\u00e7\u00e3o de Dados (www.cnpd.pt).<\/p>\n\t<\/div>\n<\/div>\n\n\n\n\n\t\t\t<\/div> \n\t\t<\/div>\n\t<\/div> \n<\/div><\/div>\n","protected":false},"excerpt":{"rendered":"Pol\u00edtica de Privacidade A iHCare SA. respeita a sua privacidade e providencia medidas para proteger os dados que partilha connosco (tal como email, morada, contacto telef\u00f3nico, etc.). Esta Pol\u00edtica de...","protected":false},"author":1,"featured_media":0,"parent":0,"menu_order":0,"comment_status":"closed","ping_status":"open","template":"","meta":{"_acf_changed":false,"footnotes":""},"class_list":["post-3","page","type-page","status-publish"],"acf":[],"_links":{"self":[{"href":"https:\/\/myshellty.com\/pt\/wp-json\/wp\/v2\/pages\/3","targetHints":{"allow":["GET"]}}],"collection":[{"href":"https:\/\/myshellty.com\/pt\/wp-json\/wp\/v2\/pages"}],"about":[{"href":"https:\/\/myshellty.com\/pt\/wp-json\/wp\/v2\/types\/page"}],"author":[{"embeddable":true,"href":"https:\/\/myshellty.com\/pt\/wp-json\/wp\/v2\/users\/1"}],"replies":[{"embeddable":true,"href":"https:\/\/myshellty.com\/pt\/wp-json\/wp\/v2\/comments?post=3"}],"version-history":[{"count":12,"href":"https:\/\/myshellty.com\/pt\/wp-json\/wp\/v2\/pages\/3\/revisions"}],"predecessor-version":[{"id":2665,"href":"https:\/\/myshellty.com\/pt\/wp-json\/wp\/v2\/pages\/3\/revisions\/2665"}],"wp:attachment":[{"href":"https:\/\/myshellty.com\/pt\/wp-json\/wp\/v2\/media?parent=3"}],"curies":[{"name":"wp","href":"https:\/\/api.w.org\/{rel}","templated":true}]}}