{"id":1700,"date":"2024-01-15T17:56:17","date_gmt":"2024-01-15T17:56:17","guid":{"rendered":"http:\/\/myshellty.com\/?post_type=product&#038;p=1700"},"modified":"2026-03-06T14:55:14","modified_gmt":"2026-03-06T14:55:14","slug":"shellty-neutral","status":"publish","type":"product","link":"https:\/\/myshellty.com\/pt\/produto\/shellty-neutral\/","title":{"rendered":"Shellty Neutral"},"content":{"rendered":"\n\t\t<div id=\"fws_6a045bba461e7\"  data-column-margin=\"default\" data-midnight=\"dark\"  class=\"wpb_row vc_row-fluid vc_row\"  style=\"padding-top: 0px; padding-bottom: 0px; \"><div class=\"row-bg-wrap\" data-bg-animation=\"none\" data-bg-animation-delay=\"\" data-bg-overlay=\"false\"><div class=\"inner-wrap row-bg-layer\" ><div class=\"row-bg viewport-desktop\"  style=\"\"><\/div><\/div><\/div><div class=\"row_col_wrap_12 col span_12 dark left\">\n\t<div  class=\"vc_col-sm-6 wpb_column column_container vc_column_container col no-extra-padding inherit_tablet inherit_phone \"  data-padding-pos=\"all\" data-has-bg-color=\"false\" data-bg-color=\"\" data-bg-opacity=\"1\" data-animation=\"\" data-delay=\"0\" >\n\t\t<div class=\"vc_column-inner\" >\n\t\t\t<div class=\"wpb_wrapper\">\n\t\t\t\t<div class=\"toggles \" data-br=\"none\" data-starting=\"default\" data-style=\"default\"><div class=\"toggle accent-color\" data-inner-wrap=\"true\"><h3 class=\"toggle-title\"><a href=\"#\" role=\"button\" class=\"toggle-heading\"><i role=\"presentation\" class=\"fa fa-plus-circle\"><\/i>Descri\u00e7\u00e3o<\/a><\/h3><div><div class=\"inner-toggle-wrap\">\n<div class=\"wpb_text_column wpb_content_element  text_direction_ltr \" >\n\t<div class=\"wpb_wrapper\">\n\t\t<p style=\"text-align: left\">A solu\u00e7\u00e3o prop\u00f5e a absor\u00e7\u00e3o de cheiros e a limpeza do seu len\u00e7ol de forma r\u00e1pida e sem propaga\u00e7\u00e3o de odores ideal para se conseguir um ambiente fresco, agrad\u00e1vel e higienizado at\u00e9 \u00e0 pr\u00f3xima lavagem.<\/p>\n<p style=\"text-align: left\">Com uma f\u00f3rmula \u00fanica, desenvolvida para dar durabilidade e higiene aos seus produtos Shellty.<\/p>\n\t<\/div>\n<\/div>\n\n\n\n<\/div><\/div><\/div><div class=\"toggle default\" data-inner-wrap=\"true\"><h3 class=\"toggle-title\"><a href=\"#\" role=\"button\" class=\"toggle-heading\"><i role=\"presentation\" class=\"fa fa-plus-circle\"><\/i>M\u00e9todo de Pagamento<\/a><\/h3><div><div class=\"inner-toggle-wrap\">\n<div class=\"wpb_text_column wpb_content_element  text_direction_ltr \" >\n\t<div class=\"wpb_wrapper\">\n\t\t<p style=\"text-align: left\">Multibanco; MB WAY; Credit\/ Debit Card; Klarna.<\/p>\n\t<\/div>\n<\/div>\n\n\n\n<\/div><\/div><\/div><\/div>\n\n\n\n\n\n\n\n\n\n\n\n\n\n\n\n\n\n\n\n\n\t\t\t<\/div> \n\t\t<\/div>\n\t<\/div> \n\n\t<div  class=\"vc_col-sm-6 wpb_column column_container vc_column_container col no-extra-padding inherit_tablet inherit_phone \"  data-padding-pos=\"all\" data-has-bg-color=\"false\" data-bg-color=\"\" data-bg-opacity=\"1\" data-animation=\"\" data-delay=\"0\" >\n\t\t<div class=\"vc_column-inner\" >\n\t\t\t<div class=\"wpb_wrapper\">\n\t\t\t\t<div class=\"toggles \" data-br=\"none\" data-starting=\"default\" data-style=\"default\"><div class=\"toggle accent-color\" data-inner-wrap=\"true\"><h3 class=\"toggle-title\"><a href=\"#\" role=\"button\" class=\"toggle-heading\"><i role=\"presentation\" class=\"fa fa-plus-circle\"><\/i>Entrega<\/a><\/h3><div><div class=\"inner-toggle-wrap\">\n<div class=\"wpb_text_column wpb_content_element  text_direction_ltr \" >\n\t<div class=\"wpb_wrapper\">\n\t\t<p style=\"text-align: left\">1 \u00e0 2 dias \u00fateis.<\/p>\n\t<\/div>\n<\/div>\n\n\n\n<\/div><\/div><\/div><\/div>\n\n\n\n\n\n\n\n\n\n\n\n\n\n\n\n\n\n\n\n\n\t\t\t<\/div> \n\t\t<\/div>\n\t<\/div> \n<\/div><\/div>\n\t\t<div id=\"fws_6a045bba471b3\"  data-column-margin=\"default\" data-midnight=\"dark\" data-top-percent=\"7%\" data-bottom-percent=\"7%\"  class=\"wpb_row vc_row-fluid vc_row full-width-section parallax_section\"  style=\"padding-top: calc(100vw * 0.07); padding-bottom: calc(100vw * 0.07); \"><div class=\"row-bg-wrap\" data-bg-animation=\"zoom-out-slow\" data-bg-animation-delay=\"\" data-bg-overlay=\"true\"><div class=\"inner-wrap row-bg-layer using-image\" ><div class=\"row-bg viewport-desktop using-image\" data-parallax-speed=\"slow\" style=\"background-image: url(https:\/\/myshellty.com\/wp-content\/uploads\/2024\/01\/white-pillow-on-bed-with-light-lamp1.png); background-position: center bottom; background-repeat: no-repeat; \"><\/div><\/div><div class=\"row-bg-overlay row-bg-layer\" style=\"background: #000000; background: linear-gradient(90deg,#000000 10%,rgba(255,255,255,0.001) 75%);  opacity: 0.5; background: #000000; background: linear-gradient(90deg,#000000 0%,rgba(255,255,255,0.001) 100%);  opacity: 0.5; \"><\/div><\/div><div class=\"row_col_wrap_12 col span_12 dark left\">\n\t<div  class=\"vc_col-sm-6 wpb_column column_container vc_column_container col no-extra-padding inherit_tablet inherit_phone \"  data-padding-pos=\"all\" data-has-bg-color=\"false\" data-bg-color=\"\" data-bg-opacity=\"1\" data-animation=\"\" data-delay=\"0\" >\n\t\t<div class=\"vc_column-inner\" >\n\t\t\t<div class=\"wpb_wrapper\">\n\t\t\t\t<div class=\"img-with-aniamtion-wrap \" data-max-width=\"100%\" data-max-width-mobile=\"default\" data-shadow=\"none\" data-animation=\"none\" >\n      <div class=\"inner\">\n        <div class=\"hover-wrap\"> \n          <div class=\"hover-wrap-inner\">\n            <img loading=\"lazy\" decoding=\"async\" class=\"img-with-animation logo_sn skip-lazy\" data-delay=\"0\" height=\"676\" width=\"2048\" data-animation=\"none\" src=\"https:\/\/myshellty.com\/wp-content\/uploads\/2024\/01\/logotipo_shellty_neutral.png\" alt=\"logotipo_shellty_neutral\" srcset=\"https:\/\/myshellty.com\/wp-content\/uploads\/2024\/01\/logotipo_shellty_neutral.png 2048w, https:\/\/myshellty.com\/wp-content\/uploads\/2024\/01\/logotipo_shellty_neutral-300x99.png 300w, https:\/\/myshellty.com\/wp-content\/uploads\/2024\/01\/logotipo_shellty_neutral-1024x338.png 1024w, https:\/\/myshellty.com\/wp-content\/uploads\/2024\/01\/logotipo_shellty_neutral-768x254.png 768w, https:\/\/myshellty.com\/wp-content\/uploads\/2024\/01\/logotipo_shellty_neutral-1536x507.png 1536w, https:\/\/myshellty.com\/wp-content\/uploads\/2024\/01\/logotipo_shellty_neutral-600x198.png 600w\" sizes=\"auto, (max-width: 2048px) 100vw, 2048px\" title=\"\">\n          <\/div>\n        <\/div>\n      <\/div>\n    <\/div>\n\t\t\t<\/div> \n\t\t<\/div>\n\t<\/div> \n\n\t<div  class=\"vc_col-sm-6 second-col-main-banner wpb_column column_container vc_column_container col no-extra-padding inherit_tablet inherit_phone \"  data-padding-pos=\"all\" data-has-bg-color=\"false\" data-bg-color=\"\" data-bg-opacity=\"1\" data-animation=\"\" data-delay=\"0\" >\n\t\t<div class=\"vc_column-inner\" >\n\t\t\t<div class=\"wpb_wrapper\">\n\t\t\t\t\n\t\t\t<\/div> \n\t\t<\/div>\n\t<\/div> \n<\/div><\/div>\n\t\t<div id=\"oursolutions\"  data-column-margin=\"default\" data-midnight=\"light\"  class=\"wpb_row vc_row-fluid vc_row parallax_section right_padding_2pct left_padding_2pct top_padding_tablet_50px top_padding_phone_50px bottom_padding_phone_0px right_padding_tablet_0px right_padding_phone_0px left_padding_tablet_0px left_padding_phone_0px\"  style=\"padding-top: 70px; padding-bottom: 0px; \"><div class=\"row-bg-wrap\" data-bg-animation=\"zoom-out-slow\" data-bg-animation-delay=\"\" data-bg-overlay=\"true\"><div class=\"inner-wrap row-bg-layer\" ><div class=\"row-bg viewport-desktop\" data-parallax-speed=\"slow\" style=\"\"><\/div><\/div><div class=\"row-bg-overlay row-bg-layer\" style=\"background-color:#ffffff;  opacity: 0.5; \"><\/div><\/div><div class=\"row_col_wrap_12 col span_12 light left\">\n\t<div style=\" color: #1a1f3c;\" class=\"vc_col-sm-12 wpb_column column_container vc_column_container col no-extra-padding inherit_tablet inherit_phone \" data-cfc=\"true\"  data-padding-pos=\"all\" data-has-bg-color=\"false\" data-bg-color=\"\" data-bg-opacity=\"1\" data-animation=\"\" data-delay=\"0\" >\n\t\t<div class=\"vc_column-inner\" >\n\t\t\t<div class=\"wpb_wrapper\">\n\t\t\t\t\n<div class=\"wpb_text_column wpb_content_element \" >\n\t<div class=\"wpb_wrapper\">\n\t\t<h3 style=\"margin-bottom: 25px; text-align: center; color: #0f5295 !important;\"><strong>Inibidor de odor sem<br \/>\nfragr\u00e2ncia e incolor<\/strong><\/h3>\n\t<\/div>\n<\/div>\n\n\n\n<div class=\"divider-wrap\" data-alignment=\"default\"><div style=\"margin-top: 15px; height: 3px; margin-bottom: 15px;\" data-width=\"100%\" data-animate=\"yes\" data-animation-delay=\"\" data-color=\"accent-color\" class=\"divider-border\"><\/div><\/div><div id=\"fws_6a045bba4806b\" data-midnight=\"\" data-column-margin=\"default\" class=\"wpb_row vc_row-fluid vc_row inner_row vc_row-o-equal-height vc_row-flex\"  style=\"padding-top: 50px; padding-bottom: 50px; \"><div class=\"row-bg-wrap\"> <div class=\"row-bg\" ><\/div> <\/div><div class=\"row_col_wrap_12_inner col span_12  left\">\n\t<div  class=\"vc_col-sm-6 wpb_column column_container vc_column_container col child_column no-extra-padding force-desktop-text-align-center inherit_tablet inherit_phone \"   data-padding-pos=\"all\" data-has-bg-color=\"false\" data-bg-color=\"\" data-bg-opacity=\"1\" data-animation=\"\" data-delay=\"0\" >\n\t\t<div class=\"vc_column-inner\" >\n\t\t<div class=\"wpb_wrapper\">\n\t\t\t\n<div class=\"wpb_text_column wpb_content_element \" >\n\t<div class=\"wpb_wrapper\">\n\t\t<h3 style=\"color: #0f5295 !important; text-align: left;\"><strong>O que \u00e9 o Shellty Neutral?<\/strong><\/h3>\n\t<\/div>\n<\/div>\n\n\n\n<div class=\"divider-wrap\" data-alignment=\"default\"><div style=\"margin-top: 25px; width: 20%; height: 3px; margin-bottom: 25px;\" data-width=\"20%\" data-animate=\"yes\" data-animation-delay=\"\" data-color=\"accent-color\" class=\"divider-small-border\"><\/div><\/div>\n<div class=\"wpb_text_column wpb_content_element \" >\n\t<div class=\"wpb_wrapper\">\n\t\t<h5 style=\"margin-bottom: 15px; text-align: left; color: #0f5295 !important;\"><strong>O Shellty Neutral ajuda na elimina\u00e7\u00e3o de qualquer odor e na manuten\u00e7\u00e3o da higiene de t\u00eaxteis. Testado na nossa gama Shellty Pro Care, Home e Kids, transforma a sua cama num ambiente agrad\u00e1vel e fresco, mantendo-a higienizada e livre de odores. Basta pulverizar um pano microfibra com o Shellty Neutral e passar, posteriormente, para remover o odor proveniente dos l\u00edquidos \/ flu\u00eddos.<\/strong><\/h5>\n<h5 style=\"margin-bottom: 15px; text-align: left; color: #0f5295 !important;\">A solu\u00e7\u00e3o absorve odores e limpa o seu len\u00e7ol de forma r\u00e1pida \u2013 a forma ideal de conseguir um ambiente fresco, agrad\u00e1vel e higienizado at\u00e9 a pr\u00f3xima lavagem.<\/h5>\n<h3 style=\"margin-bottom: 15px; text-align: left; color: #0f5295 !important;\">A cama estar\u00e1 limpa e pronta para um descanso perfeito.<\/h3>\n\t<\/div>\n<\/div>\n\n\n\n\n\t\t<\/div> \n\t<\/div>\n\t<\/div> \n\n\t<div  class=\"vc_col-sm-6 wpb_column column_container vc_column_container col child_column centered-text no-extra-padding inherit_tablet inherit_phone \"   data-padding-pos=\"all\" data-has-bg-color=\"false\" data-bg-color=\"\" data-bg-opacity=\"1\" data-animation=\"\" data-delay=\"0\" >\n\t\t<div class=\"vc_column-inner\" >\n\t\t<div class=\"wpb_wrapper\">\n\t\t\t<div class=\"img-with-aniamtion-wrap  custom-size\" data-max-width=\"100%\" data-max-width-mobile=\"default\" data-shadow=\"none\" data-animation=\"none\" >\n      <div class=\"inner\">\n        <div class=\"hover-wrap\"> \n          <div class=\"hover-wrap-inner\">\n            <img loading=\"lazy\" decoding=\"async\" class=\"img-with-animation custom-size-img skip-lazy\" data-delay=\"0\" height=\"1743\" width=\"882\" data-animation=\"none\" src=\"https:\/\/myshellty.com\/wp-content\/uploads\/2024\/01\/mockup-shellty-neutral-pt.png\" alt=\"mockup-shellty-neutral-pt\" srcset=\"https:\/\/myshellty.com\/wp-content\/uploads\/2024\/01\/mockup-shellty-neutral-pt.png 882w, https:\/\/myshellty.com\/wp-content\/uploads\/2024\/01\/mockup-shellty-neutral-pt-152x300.png 152w, https:\/\/myshellty.com\/wp-content\/uploads\/2024\/01\/mockup-shellty-neutral-pt-518x1024.png 518w, https:\/\/myshellty.com\/wp-content\/uploads\/2024\/01\/mockup-shellty-neutral-pt-768x1518.png 768w, https:\/\/myshellty.com\/wp-content\/uploads\/2024\/01\/mockup-shellty-neutral-pt-777x1536.png 777w, https:\/\/myshellty.com\/wp-content\/uploads\/2024\/01\/mockup-shellty-neutral-pt-600x1186.png 600w\" sizes=\"auto, (max-width: 882px) 100vw, 882px\" title=\"\">\n          <\/div>\n        <\/div>\n      <\/div>\n    <\/div>\n\t\t<\/div> \n\t<\/div>\n\t<\/div> \n<\/div><\/div><div class=\"divider-wrap\" data-alignment=\"default\"><div style=\"margin-top: 12.5px; height: 3px; margin-bottom: 12.5px;\" data-width=\"100%\" data-animate=\"yes\" data-animation-delay=\"\" data-color=\"accent-color\" class=\"divider-border\"><\/div><\/div>\n<div class=\"wpb_text_column wpb_content_element  vc_custom_1705578965618\" >\n\t<div class=\"wpb_wrapper\">\n\t\t<h3 style=\"color: #0f5295 !important; text-align: center;\"><strong>Propriedades<br \/>\n<\/strong><\/h3>\n\t<\/div>\n<\/div>\n\n\n\n<div class=\"divider-wrap\" data-alignment=\"center\"><div style=\"margin-top: 12.5px; width: 20%; height: 3px; margin-bottom: 12.5px;\" data-width=\"20%\" data-animate=\"yes\" data-animation-delay=\"\" data-color=\"accent-color\" class=\"divider-small-border\"><\/div><\/div>\n<div class=\"wpb_text_column wpb_content_element  vc_custom_1705578397873\" >\n\t<div class=\"wpb_wrapper\">\n\t\t<h4 style=\"margin-bottom: 0px !important; padding-bottom: 0px !important; color: #0f5295 !important; text-align: center;\">Com uma f\u00f3rmula \u00fanica, desenvolvida para dar<br \/>\ndurabilidade e higiene aos seus produtos Shellty.<\/h4>\n\t<\/div>\n<\/div>\n\n\n\n<div id=\"fws_6a045bba48d5e\" data-midnight=\"\" data-column-margin=\"default\" class=\"wpb_row vc_row-fluid vc_row inner_row\"  style=\"padding-bottom: 50px; \"><div class=\"row-bg-wrap\"> <div class=\"row-bg\" ><\/div> <\/div><div class=\"row_col_wrap_12_inner col span_12  left\">\n\t<div  class=\"vc_col-sm-1\/5 wpb_column column_container vc_column_container col child_column no-extra-padding inherit_tablet inherit_phone \"   data-padding-pos=\"all\" data-has-bg-color=\"false\" data-bg-color=\"\" data-bg-opacity=\"1\" data-animation=\"\" data-delay=\"0\" >\n\t\t<div class=\"vc_column-inner\" >\n\t\t<div class=\"wpb_wrapper\">\n\t\t\t\n\t\t<\/div> \n\t<\/div>\n\t<\/div> \n\n\t<div  class=\"vc_col-sm-1\/5 wpb_column column_container vc_column_container col child_column no-extra-padding inherit_tablet inherit_phone \"   data-padding-pos=\"all\" data-has-bg-color=\"false\" data-bg-color=\"\" data-bg-opacity=\"1\" data-animation=\"\" data-delay=\"0\" >\n\t\t<div class=\"vc_column-inner\" >\n\t\t<div class=\"wpb_wrapper\">\n\t\t\t<div class=\"img-with-aniamtion-wrap center\" data-max-width=\"100%\" data-max-width-mobile=\"100%\" data-shadow=\"none\" data-animation=\"none\" >\n      <div class=\"inner\">\n        <div class=\"hover-wrap\"> \n          <div class=\"hover-wrap-inner\">\n            <img loading=\"lazy\" decoding=\"async\" class=\"img-with-animation sn-propreties-img skip-lazy\" data-delay=\"0\" height=\"562\" width=\"581\" data-animation=\"none\" src=\"https:\/\/myshellty.com\/wp-content\/uploads\/2024\/01\/sk-_secagem-rapida.png\" alt=\"sk-_secagem-r\u00e1pida\" srcset=\"https:\/\/myshellty.com\/wp-content\/uploads\/2024\/01\/sk-_secagem-rapida.png 581w, https:\/\/myshellty.com\/wp-content\/uploads\/2024\/01\/sk-_secagem-rapida-300x290.png 300w\" sizes=\"auto, (max-width: 581px) 100vw, 581px\" title=\"\">\n          <\/div>\n        <\/div>\n      <\/div>\n    <\/div>\n<div class=\"wpb_text_column wpb_content_element \" >\n\t<div class=\"wpb_wrapper\">\n\t\t<h5 style=\"text-align: center; color: #0f5295 !important;\">Secagem R\u00e1pida<\/h5>\n\t<\/div>\n<\/div>\n\n\n\n\n\t\t<\/div> \n\t<\/div>\n\t<\/div> \n\n\t<div  class=\"vc_col-sm-1\/5 wpb_column column_container vc_column_container col child_column no-extra-padding inherit_tablet inherit_phone \"   data-padding-pos=\"all\" data-has-bg-color=\"false\" data-bg-color=\"\" data-bg-opacity=\"1\" data-animation=\"\" data-delay=\"0\" >\n\t\t<div class=\"vc_column-inner\" >\n\t\t<div class=\"wpb_wrapper\">\n\t\t\t<div class=\"img-with-aniamtion-wrap center\" data-max-width=\"100%\" data-max-width-mobile=\"100%\" data-shadow=\"none\" data-animation=\"none\" >\n      <div class=\"inner\">\n        <div class=\"hover-wrap\"> \n          <div class=\"hover-wrap-inner\">\n            <img loading=\"lazy\" decoding=\"async\" class=\"img-with-animation sn-propreties-img skip-lazy\" data-delay=\"0\" height=\"562\" width=\"581\" data-animation=\"none\" src=\"https:\/\/myshellty.com\/wp-content\/uploads\/2024\/01\/sk-_sem-cheiros.png\" alt=\"sk-_sem-cheiros\" srcset=\"https:\/\/myshellty.com\/wp-content\/uploads\/2024\/01\/sk-_sem-cheiros.png 581w, https:\/\/myshellty.com\/wp-content\/uploads\/2024\/01\/sk-_sem-cheiros-300x290.png 300w\" sizes=\"auto, (max-width: 581px) 100vw, 581px\" title=\"\">\n          <\/div>\n        <\/div>\n      <\/div>\n    <\/div>\n<div class=\"wpb_text_column wpb_content_element \" >\n\t<div class=\"wpb_wrapper\">\n\t\t<h5 style=\"text-align: center; color: #0f5295 !important;\">Sem Cheiros<\/h5>\n\t<\/div>\n<\/div>\n\n\n\n\n\t\t<\/div> \n\t<\/div>\n\t<\/div> \n\n\t<div  class=\"vc_col-sm-1\/5 wpb_column column_container vc_column_container col child_column no-extra-padding inherit_tablet inherit_phone \"   data-padding-pos=\"all\" data-has-bg-color=\"false\" data-bg-color=\"\" data-bg-opacity=\"1\" data-animation=\"\" data-delay=\"0\" >\n\t\t<div class=\"vc_column-inner\" >\n\t\t<div class=\"wpb_wrapper\">\n\t\t\t<div class=\"img-with-aniamtion-wrap center\" data-max-width=\"100%\" data-max-width-mobile=\"100%\" data-shadow=\"none\" data-animation=\"none\" >\n      <div class=\"inner\">\n        <div class=\"hover-wrap\"> \n          <div class=\"hover-wrap-inner\">\n            <img loading=\"lazy\" decoding=\"async\" class=\"img-with-animation sn-propreties-img skip-lazy\" data-delay=\"0\" height=\"562\" width=\"581\" data-animation=\"none\" src=\"https:\/\/myshellty.com\/wp-content\/uploads\/2024\/01\/sk-_eficacia-comprovada.png\" alt=\"sk-_efic\u00e1cia-comprovada\" srcset=\"https:\/\/myshellty.com\/wp-content\/uploads\/2024\/01\/sk-_eficacia-comprovada.png 581w, https:\/\/myshellty.com\/wp-content\/uploads\/2024\/01\/sk-_eficacia-comprovada-300x290.png 300w\" sizes=\"auto, (max-width: 581px) 100vw, 581px\" title=\"\">\n          <\/div>\n        <\/div>\n      <\/div>\n    <\/div>\n<div class=\"wpb_text_column wpb_content_element \" >\n\t<div class=\"wpb_wrapper\">\n\t\t<h5 style=\"text-align: center; color: #0f5295 !important;\">Efic\u00e1cia Comprovada<\/h5>\n\t<\/div>\n<\/div>\n\n\n\n\n\t\t<\/div> \n\t<\/div>\n\t<\/div> \n\n\t<div  class=\"vc_col-sm-1\/5 wpb_column column_container vc_column_container col child_column no-extra-padding inherit_tablet inherit_phone \"   data-padding-pos=\"all\" data-has-bg-color=\"false\" data-bg-color=\"\" data-bg-opacity=\"1\" data-animation=\"\" data-delay=\"0\" >\n\t\t<div class=\"vc_column-inner\" >\n\t\t<div class=\"wpb_wrapper\">\n\t\t\t\n\t\t<\/div> \n\t<\/div>\n\t<\/div> \n<\/div><\/div><div class=\"divider-wrap\" data-alignment=\"default\"><div style=\"margin-top: 12.5px; height: 3px; margin-bottom: 12.5px;\" data-width=\"100%\" data-animate=\"yes\" data-animation-delay=\"\" data-color=\"accent-color\" class=\"divider-border\"><\/div><\/div>\n\t\t\t<\/div> \n\t\t<\/div>\n\t<\/div> \n<\/div><\/div>\n","protected":false},"excerpt":{"rendered":"<div class=\"woocommerce-product-details__short-description\">\n<p><strong>Capacidade:<\/strong> 750ml<\/p>\n<\/div>\n","protected":false},"featured_media":3863,"template":"","meta":{"_acf_changed":false},"product_brand":[],"product_cat":[21,35,70,34],"product_tag":[],"class_list":{"0":"post-1700","1":"product","2":"type-product","3":"status-publish","4":"has-post-thumbnail","6":"product_cat-acessorios","7":"product_cat-shellty-home","8":"product_cat-shellty-neutral","9":"product_cat-shellty-pro-care","11":"first","12":"instock","13":"taxable","14":"shipping-taxable","15":"purchasable","16":"product-type-simple"},"acf":[],"_links":{"self":[{"href":"https:\/\/myshellty.com\/pt\/wp-json\/wp\/v2\/product\/1700","targetHints":{"allow":["GET"]}}],"collection":[{"href":"https:\/\/myshellty.com\/pt\/wp-json\/wp\/v2\/product"}],"about":[{"href":"https:\/\/myshellty.com\/pt\/wp-json\/wp\/v2\/types\/product"}],"wp:featuredmedia":[{"embeddable":true,"href":"https:\/\/myshellty.com\/pt\/wp-json\/wp\/v2\/media\/3863"}],"wp:attachment":[{"href":"https:\/\/myshellty.com\/pt\/wp-json\/wp\/v2\/media?parent=1700"}],"wp:term":[{"taxonomy":"product_brand","embeddable":true,"href":"https:\/\/myshellty.com\/pt\/wp-json\/wp\/v2\/product_brand?post=1700"},{"taxonomy":"product_cat","embeddable":true,"href":"https:\/\/myshellty.com\/pt\/wp-json\/wp\/v2\/product_cat?post=1700"},{"taxonomy":"product_tag","embeddable":true,"href":"https:\/\/myshellty.com\/pt\/wp-json\/wp\/v2\/product_tag?post=1700"}],"curies":[{"name":"wp","href":"https:\/\/api.w.org\/{rel}","templated":true}]}}