{"id":1703,"date":"2024-01-15T17:56:18","date_gmt":"2024-01-15T17:56:18","guid":{"rendered":"http:\/\/myshellty.com\/?post_type=product&#038;p=1703"},"modified":"2026-03-06T14:52:35","modified_gmt":"2026-03-06T14:52:35","slug":"shellty-pillowcase","status":"publish","type":"product","link":"https:\/\/myshellty.com\/pt\/produto\/shellty-pillowcase\/","title":{"rendered":"Shellty Pillowcase"},"content":{"rendered":"\n\t\t<div id=\"fws_6a045c11e1765\"  data-column-margin=\"default\" data-midnight=\"dark\"  class=\"wpb_row vc_row-fluid vc_row\"  style=\"padding-top: 0px; padding-bottom: 0px; \"><div class=\"row-bg-wrap\" data-bg-animation=\"none\" data-bg-animation-delay=\"\" data-bg-overlay=\"false\"><div class=\"inner-wrap row-bg-layer\" ><div class=\"row-bg viewport-desktop\"  style=\"\"><\/div><\/div><\/div><div class=\"row_col_wrap_12 col span_12 dark left\">\n\t<div  class=\"vc_col-sm-6 wpb_column column_container vc_column_container col no-extra-padding inherit_tablet inherit_phone \"  data-padding-pos=\"all\" data-has-bg-color=\"false\" data-bg-color=\"\" data-bg-opacity=\"1\" data-animation=\"\" data-delay=\"0\" >\n\t\t<div class=\"vc_column-inner\" >\n\t\t\t<div class=\"wpb_wrapper\">\n\t\t\t\t<div class=\"toggles \" data-br=\"none\" data-starting=\"default\" data-style=\"default\"><div class=\"toggle accent-color\" data-inner-wrap=\"true\"><h3 class=\"toggle-title\"><a href=\"#\" role=\"button\" class=\"toggle-heading\"><i role=\"presentation\" class=\"fa fa-plus-circle\"><\/i>Descri\u00e7\u00e3o<\/a><\/h3><div><div class=\"inner-toggle-wrap\">\n<div class=\"wpb_text_column wpb_content_element  text_direction_ltr \" >\n\t<div class=\"wpb_wrapper\">\n\t\t<p style=\"text-align: left\">Descubra o segredo para noites mais tranquilas com a Fronha T\u00e9cnica\u00a0<i>Shellty<\/i>. Com tratamento antimicrobiano, as fronhas funcionam como uma barreira eficaz contra \u00e1caros, que ajudam a prevenir irrita\u00e7\u00f5es na pele e problemas respirat\u00f3rios. Suaves e respir\u00e1veis, garantem conforto absoluto enquanto protegem a sua almofada contra manchas e odores indesejados.<\/p>\n<p style=\"text-align: left\">Prolongue a vida \u00fatil da sua almofada e melhore a qualidade do seu sono com a tecnologia das fronhas Shellty.\u00a0 Dispon\u00edveis no tamanho de 50\u00d770 cm, as fronhas Shellty s\u00e3o a escolha perfeita para quem prioriza sa\u00fade e bem-estar durante o sono. Transforme as suas noites em momentos de conforto e prote\u00e7\u00e3o!<\/p>\n<p style=\"text-align: left\">A fronha t\u00e9cnica Shellty \u00e9 especialmente indicada para peles sens\u00edveis pois \u00e9 hipoalerg\u00e9nica, biocompat\u00edvel e uma barreira anti-\u00e1caros. \u00c9 tamb\u00e9m Eco-friendly e sustent\u00e1vel reduzindo dessa forma o consumo de \u00e1gua e energia por necessitar de um menor n\u00fameros de lavagens. \u00c9 hidrof\u00f3bica e imperme\u00e1vel e impede a prolifera\u00e7\u00e3o quer de v\u00edrus quer de bact\u00e9rias criando dessa forma um escudo protetor em torno de quem o utiliza.<\/p>\n\t<\/div>\n<\/div>\n\n\n\n<\/div><\/div><\/div><div class=\"toggle accent-color\" data-inner-wrap=\"true\"><h3 class=\"toggle-title\"><a href=\"#\" role=\"button\" class=\"toggle-heading\"><i role=\"presentation\" class=\"fa fa-plus-circle\"><\/i>Detalhes<\/a><\/h3><div><div class=\"inner-toggle-wrap\">\n<div class=\"wpb_text_column wpb_content_element  text_direction_ltr \" >\n\t<div class=\"wpb_wrapper\">\n\t\t<p style=\"text-align: left\"><b>\u00a0<\/b>A nossa Fronha T\u00e9cnica composta por 100% PES e constitu\u00eddo por 2 membranas distintas interligadas de forma patenteada. Estas membranas s\u00e3o respons\u00e1veis pela estanquicidade do len\u00e7ol e pelas suas caracter\u00edsticas antivirais e antibacterianas. Estas 2 membranas combinadas asseguram um toque suave e uma sensa\u00e7\u00e3o \u00fanica de conforto.<\/p>\n\t<\/div>\n<\/div>\n\n\n\n<\/div><\/div><\/div><div class=\"toggle accent-color\" data-inner-wrap=\"true\"><h3 class=\"toggle-title\"><a href=\"#\" role=\"button\" class=\"toggle-heading\"><i role=\"presentation\" class=\"fa fa-plus-circle\"><\/i>Composi\u00e7\u00e3o T\u00e9cnico<\/a><\/h3><div><div class=\"inner-toggle-wrap\">\n<div class=\"wpb_text_column wpb_content_element  text_direction_ltr \" >\n\t<div class=\"wpb_wrapper\">\n\t\t<p style=\"text-align: left\">A nossa Fronha T\u00e9cnica \u00e9 composta por uma malha superior em 100% PES e por uma membrana inferior em 100% TPU, interligadas atrav\u00e9s de um processo patenteado. Esta combina\u00e7\u00e3o assegura a impermeabilidade da fronha e confere propriedades antivirais e antibacterianas. Juntas, as duas camadas garantem um toque suave e uma sensa\u00e7\u00e3o \u00fanica de conforto.<\/p>\n\t<\/div>\n<\/div>\n\n\n\n<\/div><\/div><\/div><div class=\"toggle default\" data-inner-wrap=\"true\"><h3 class=\"toggle-title\"><a href=\"#\" role=\"button\" class=\"toggle-heading\"><i role=\"presentation\" class=\"fa fa-plus-circle\"><\/i>Informa\u00e7\u00e3o Profissional<\/a><\/h3><div><div class=\"inner-toggle-wrap\">\n<div class=\"wpb_text_column wpb_content_element  text_direction_ltr \" >\n\t<div class=\"wpb_wrapper\">\n\t\t<p style=\"text-align: left\">As fronhas t\u00e9cnicas Shellty s\u00e3o foram desenvolvidas tamb\u00e9m para uso profissional em ambientes hospitalares e em IPSS\u2019s.<\/p>\n\t<\/div>\n<\/div>\n\n\n\n<\/div><\/div><\/div><\/div>\n\n\n\n\n\n\n\n\n\n\n\n\n\n\n\n\n\n\n\n\n\t\t\t<\/div> \n\t\t<\/div>\n\t<\/div> \n\n\t<div  class=\"vc_col-sm-6 wpb_column column_container vc_column_container col no-extra-padding inherit_tablet inherit_phone \"  data-padding-pos=\"all\" data-has-bg-color=\"false\" data-bg-color=\"\" data-bg-opacity=\"1\" data-animation=\"\" data-delay=\"0\" >\n\t\t<div class=\"vc_column-inner\" >\n\t\t\t<div class=\"wpb_wrapper\">\n\t\t\t\t<div class=\"toggles \" data-br=\"none\" data-starting=\"default\" data-style=\"default\"><div class=\"toggle accent-color\" data-inner-wrap=\"true\"><h3 class=\"toggle-title\"><a href=\"#\" role=\"button\" class=\"toggle-heading\"><i role=\"presentation\" class=\"fa fa-plus-circle\"><\/i>Lavagem e Secagem<\/a><\/h3><div><div class=\"inner-toggle-wrap\">\n<div class=\"wpb_text_column wpb_content_element  text_direction_ltr \" >\n\t<div class=\"wpb_wrapper\">\n\t\t<p style=\"text-align: left\">\u2022 Temperatura de Lavagem \u2013 30\u00ba<br \/>\n\u2022 N\u00e3o use alvejante<br \/>\n\u2022 Secar \u00e0 temperatura m\u00ednima<br \/>\n\u2022 N\u00e3o passar a ferro<br \/>\n\u2022 N\u00e3o lavar a seco<\/p>\n\t<\/div>\n<\/div>\n\n\n\n<\/div><\/div><\/div><div class=\"toggle accent-color\" data-inner-wrap=\"true\"><h3 class=\"toggle-title\"><a href=\"#\" role=\"button\" class=\"toggle-heading\"><i role=\"presentation\" class=\"fa fa-plus-circle\"><\/i>M\u00e9todo de pagamento<\/a><\/h3><div><div class=\"inner-toggle-wrap\">\n<div class=\"wpb_text_column wpb_content_element \" >\n\t<div class=\"wpb_wrapper\">\n\t\t<p>Multibanco; MB WAY; Credit\/ Debit Card; Klarna<\/p>\n\t<\/div>\n<\/div>\n\n\n\n<\/div><\/div><\/div><div class=\"toggle default\" data-inner-wrap=\"true\"><h3 class=\"toggle-title\"><a href=\"#\" role=\"button\" class=\"toggle-heading\"><i role=\"presentation\" class=\"fa fa-plus-circle\"><\/i>Entrega<\/a><\/h3><div><div class=\"inner-toggle-wrap\">\n<div class=\"wpb_text_column wpb_content_element \" >\n\t<div class=\"wpb_wrapper\">\n\t\t<p>1 \u00e0 2 dias \u00fateis<\/p>\n\t<\/div>\n<\/div>\n\n\n\n<\/div><\/div><\/div><\/div>\n\n\n\n\n\n\n\n\n\n\n\n\n\n\n\n\n\n\n\n\n\t\t\t<\/div> \n\t\t<\/div>\n\t<\/div> \n<\/div><\/div>\n","protected":false},"excerpt":{"rendered":"<p><strong>\u00a0Shellty Pillowcase, a Fronha T\u00e9cnica para Almofada.<\/strong><\/p>\n<p>&nbsp;<\/p>\n","protected":false},"featured_media":3657,"template":"","meta":{"_acf_changed":false},"product_brand":[],"product_cat":[21,69,35,33,34],"product_tag":[],"class_list":{"0":"post-1703","1":"product","2":"type-product","3":"status-publish","4":"has-post-thumbnail","6":"product_cat-acessorios","7":"product_cat-fronha-tecnica-para-almofada","8":"product_cat-shellty-home","9":"product_cat-shellty-kids","10":"product_cat-shellty-pro-care","12":"first","13":"instock","14":"taxable","15":"shipping-taxable","16":"purchasable","17":"product-type-simple"},"acf":[],"_links":{"self":[{"href":"https:\/\/myshellty.com\/pt\/wp-json\/wp\/v2\/product\/1703","targetHints":{"allow":["GET"]}}],"collection":[{"href":"https:\/\/myshellty.com\/pt\/wp-json\/wp\/v2\/product"}],"about":[{"href":"https:\/\/myshellty.com\/pt\/wp-json\/wp\/v2\/types\/product"}],"wp:featuredmedia":[{"embeddable":true,"href":"https:\/\/myshellty.com\/pt\/wp-json\/wp\/v2\/media\/3657"}],"wp:attachment":[{"href":"https:\/\/myshellty.com\/pt\/wp-json\/wp\/v2\/media?parent=1703"}],"wp:term":[{"taxonomy":"product_brand","embeddable":true,"href":"https:\/\/myshellty.com\/pt\/wp-json\/wp\/v2\/product_brand?post=1703"},{"taxonomy":"product_cat","embeddable":true,"href":"https:\/\/myshellty.com\/pt\/wp-json\/wp\/v2\/product_cat?post=1703"},{"taxonomy":"product_tag","embeddable":true,"href":"https:\/\/myshellty.com\/pt\/wp-json\/wp\/v2\/product_tag?post=1703"}],"curies":[{"name":"wp","href":"https:\/\/api.w.org\/{rel}","templated":true}]}}