{"id":2671,"date":"2024-02-28T16:43:50","date_gmt":"2024-02-28T16:43:50","guid":{"rendered":"http:\/\/myshellty.com\/?post_type=product&#038;p=2671"},"modified":"2026-03-06T14:51:53","modified_gmt":"2026-03-06T14:51:53","slug":"resguardo-absorvente","status":"publish","type":"product","link":"https:\/\/myshellty.com\/pt\/produto\/resguardo-absorvente\/","title":{"rendered":"Resguardo T\u00e9cnico Absorvente"},"content":{"rendered":"\n\t\t<div id=\"fws_6a0463a706cc4\"  data-column-margin=\"default\" data-midnight=\"dark\"  class=\"wpb_row vc_row-fluid vc_row\"  style=\"padding-top: 0px; padding-bottom: 0px; \"><div class=\"row-bg-wrap\" data-bg-animation=\"none\" data-bg-animation-delay=\"\" data-bg-overlay=\"false\"><div class=\"inner-wrap row-bg-layer\" ><div class=\"row-bg viewport-desktop\"  style=\"\"><\/div><\/div><\/div><div class=\"row_col_wrap_12 col span_12 dark left\">\n\t<div  class=\"vc_col-sm-6 wpb_column column_container vc_column_container col no-extra-padding inherit_tablet inherit_phone \"  data-padding-pos=\"all\" data-has-bg-color=\"false\" data-bg-color=\"\" data-bg-opacity=\"1\" data-animation=\"\" data-delay=\"0\" >\n\t\t<div class=\"vc_column-inner\" >\n\t\t\t<div class=\"wpb_wrapper\">\n\t\t\t\t<div class=\"toggles \" data-br=\"none\" data-starting=\"default\" data-style=\"default\"><div class=\"toggle accent-color\" data-inner-wrap=\"true\"><h3 class=\"toggle-title\"><a href=\"#\" role=\"button\" class=\"toggle-heading\"><i role=\"presentation\" class=\"fa fa-plus-circle\"><\/i>Descri\u00e7\u00e3o<\/a><\/h3><div><div class=\"inner-toggle-wrap\">\n<div class=\"wpb_text_column wpb_content_element  text_direction_ltr \" >\n\t<div class=\"wpb_wrapper\">\n\t\t<p style=\"text-align: left\">O resguardo absorvente reutiliz\u00e1vel foi desenvolvido para oferecer seguran\u00e7a e conforto a pessoas que enfrentam incontin\u00eancia, seja ela tempor\u00e1ria ou cr\u00f3nica. Com uma elevada capacidade de absor\u00e7\u00e3o, o resguardo protege superf\u00edcies como camas e cadeiras, prevenindo fugas e proporcionando tranquilidade no dia a dia.<\/p>\n<p style=\"text-align: left\">Fabricado com materiais de alta qualidade, este produto \u00e9 suave ao toque e garante m\u00e1xima prote\u00e7\u00e3o por v\u00e1rias horas, mesmo durante a noite. Al\u00e9m da sua efic\u00e1cia no controlo da incontin\u00eancia, o resguardo \u00e9 pr\u00e1tico e f\u00e1cil de usar, podendo ser lavado e reutilizado diversas vezes. Esta tecnologia permite que os utilizadores mantenham a sua independ\u00eancia e dignidade, sem o desconforto associado aos produtos descart\u00e1veis.<\/p>\n<p style=\"text-align: left\">Escolher o resguardo absorvente t\u00e9cnico \u00e9 optar por uma solu\u00e7\u00e3o sustent\u00e1vel e eficaz, garantindo conforto e prote\u00e7\u00e3o a longo prazo.<\/p>\n\t<\/div>\n<\/div>\n\n\n\n<\/div><\/div><\/div><div class=\"toggle accent-color\" data-inner-wrap=\"true\"><h3 class=\"toggle-title\"><a href=\"#\" role=\"button\" class=\"toggle-heading\"><i role=\"presentation\" class=\"fa fa-plus-circle\"><\/i>Composi\u00e7\u00e3o T\u00e9cnica<\/a><\/h3><div><div class=\"inner-toggle-wrap\">\n<div class=\"wpb_text_column wpb_content_element  text_direction_ltr \" >\n\t<div class=\"wpb_wrapper\">\n\t\t<p style=\"text-align: left\">O nosso resguardo t\u00e9cnico \u00e9 composto por 100% PES com tratamento hidrof\u00edlico, proporcionando uma sensa\u00e7\u00e3o \u00fanica de conforto. Al\u00e9m de oferecer alta durabilidade, o material permite excelente absor\u00e7\u00e3o de l\u00edquidos, garantindo a m\u00e1xima prote\u00e7\u00e3o e comodidade para o utilizador. Ideal para ambientes que exigem higiene e bem-estar, este resguardo alia tecnologia e conforto num s\u00f3 produto.<\/p>\n\t<\/div>\n<\/div>\n\n\n\n<\/div><\/div><\/div><div class=\"toggle accent-color\" data-inner-wrap=\"true\"><h3 class=\"toggle-title\"><a href=\"#\" role=\"button\" class=\"toggle-heading\"><i role=\"presentation\" class=\"fa fa-plus-circle\"><\/i>Informa\u00e7\u00e3o Adicional<\/a><\/h3><div><div class=\"inner-toggle-wrap\">\n<div class=\"wpb_text_column wpb_content_element  text_direction_ltr \" >\n\t<div class=\"wpb_wrapper\">\n\t\t<p style=\"text-align: left\">O resguardo t\u00e9cnico\u00a0<i>Shellty<\/i> \u00e9 especialmente indicado para peles sens\u00edveis pois \u00e9 hipoalerg\u00e9nico, biocompat\u00edvel e uma barreira anti-\u00e1caros. \u00c9 tamb\u00e9m\u00a0<i>Eco-friendly<\/i>\u00a0e sustent\u00e1vel reduzindo dessa forma o consumo de \u00e1gua e energia por necessitar de um menor n\u00fameros de lavagens. \u00c9 super\u00a0absorvente (at\u00e9 2,5 litros) criando dessa forma um escudo protetor em torno de quem o utiliza. O resguardo t\u00e9cnico\u00a0<i>Shellty, <\/i>mede 84cm por 74,5cm<i>.<\/i>\u00a0vem exclusivamente em branco e \u00e9 fabricado em Portugal.<\/p>\n\t<\/div>\n<\/div>\n\n\n\n<\/div><\/div><\/div><div class=\"toggle accent-color\" data-inner-wrap=\"true\"><h3 class=\"toggle-title\"><a href=\"#\" role=\"button\" class=\"toggle-heading\"><i role=\"presentation\" class=\"fa fa-plus-circle\"><\/i>Informa\u00e7\u00e3o Profissional<\/a><\/h3><div><div class=\"inner-toggle-wrap\">\n<div class=\"wpb_text_column wpb_content_element  text_direction_ltr \" >\n\t<div class=\"wpb_wrapper\">\n\t\t<p style=\"text-align: left\">O resguardo t\u00e9cnico\u00a0<i>Shellty<\/i> foi desenvolvido tamb\u00e9m para uso profissional em ambientes hospitalares e em IPSS\u2019s. O resguardo absorvente mede 84cm por 74,5cm.<\/p>\n\t<\/div>\n<\/div>\n\n\n\n<\/div><\/div><\/div><\/div>\n\n\n\n\n\n\n\n\n\n\n\n\n\n\n\n\n\n\n\n\n\t\t\t<\/div> \n\t\t<\/div>\n\t<\/div> \n\n\t<div  class=\"vc_col-sm-6 wpb_column column_container vc_column_container col no-extra-padding inherit_tablet inherit_phone \"  data-padding-pos=\"all\" data-has-bg-color=\"false\" data-bg-color=\"\" data-bg-opacity=\"1\" data-animation=\"\" data-delay=\"0\" >\n\t\t<div class=\"vc_column-inner\" >\n\t\t\t<div class=\"wpb_wrapper\">\n\t\t\t\t<div class=\"toggles \" data-br=\"none\" data-starting=\"default\" data-style=\"default\"><div class=\"toggle accent-color\" data-inner-wrap=\"true\"><h3 class=\"toggle-title\"><a href=\"#\" role=\"button\" class=\"toggle-heading\"><i role=\"presentation\" class=\"fa fa-plus-circle\"><\/i>Lavagem e Secagem<\/a><\/h3><div><div class=\"inner-toggle-wrap\">\n<div class=\"wpb_text_column wpb_content_element  text_direction_ltr \" >\n\t<div class=\"wpb_wrapper\">\n\t\t<p style=\"text-align: left\">\u2022 Lavar antes de usar;<br \/>\n\u2022 Pode secar ao ar livre ou na m\u00e1quina de secar.<br \/>\n\u2022 Coloque na cama e ajuste ao seu colch\u00e3o.<\/p>\n\t<\/div>\n<\/div>\n\n\n\n<\/div><\/div><\/div><div class=\"toggle accent-color\" data-inner-wrap=\"true\"><h3 class=\"toggle-title\"><a href=\"#\" role=\"button\" class=\"toggle-heading\"><i role=\"presentation\" class=\"fa fa-plus-circle\"><\/i>M\u00e9todo de pagamento<\/a><\/h3><div><div class=\"inner-toggle-wrap\">\n<div class=\"wpb_text_column wpb_content_element  text_direction_ltr \" >\n\t<div class=\"wpb_wrapper\">\n\t\t<p style=\"text-align: left\">Multibanco; MB WAY; Credit\/ Debit Card; Klarna<\/p>\n\t<\/div>\n<\/div>\n\n\n\n<\/div><\/div><\/div><div class=\"toggle accent-color\" data-inner-wrap=\"true\"><h3 class=\"toggle-title\"><a href=\"#\" role=\"button\" class=\"toggle-heading\"><i role=\"presentation\" class=\"fa fa-plus-circle\"><\/i>Entrega<\/a><\/h3><div><div class=\"inner-toggle-wrap\">\n<div class=\"wpb_text_column wpb_content_element  text_direction_ltr \" >\n\t<div class=\"wpb_wrapper\">\n\t\t<p style=\"text-align: left\">1 \u00e0 2 dias \u00fateis<\/p>\n\t<\/div>\n<\/div>\n\n\n\n<\/div><\/div><\/div><\/div>\n\n\n\n\n\n\n\n\n\n\n\n\n\n\n\n\n\n\n\n\n\t\t\t<\/div> \n\t\t<\/div>\n\t<\/div> \n<\/div><\/div>\n","protected":false},"excerpt":{"rendered":"Descri\u00e7\u00e3o O resguardo absorvente reutiliz\u00e1vel foi desenvolvido para oferecer seguran\u00e7a e conforto a pessoas que enfrentam incontin\u00eancia, seja ela tempor\u00e1ria ou cr\u00f3nica. Com uma elevada capacidade de absor\u00e7\u00e3o, o resguardo...","protected":false},"featured_media":3648,"template":"","meta":{"_acf_changed":false},"product_brand":[],"product_cat":[21,68,35,34],"product_tag":[],"class_list":{"0":"post-2671","1":"product","2":"type-product","3":"status-publish","4":"has-post-thumbnail","6":"product_cat-acessorios","7":"product_cat-resguardo-absorvente","8":"product_cat-shellty-home","9":"product_cat-shellty-pro-care","11":"first","12":"instock","13":"taxable","14":"shipping-taxable","15":"purchasable","16":"product-type-simple"},"acf":[],"_links":{"self":[{"href":"https:\/\/myshellty.com\/pt\/wp-json\/wp\/v2\/product\/2671","targetHints":{"allow":["GET"]}}],"collection":[{"href":"https:\/\/myshellty.com\/pt\/wp-json\/wp\/v2\/product"}],"about":[{"href":"https:\/\/myshellty.com\/pt\/wp-json\/wp\/v2\/types\/product"}],"wp:featuredmedia":[{"embeddable":true,"href":"https:\/\/myshellty.com\/pt\/wp-json\/wp\/v2\/media\/3648"}],"wp:attachment":[{"href":"https:\/\/myshellty.com\/pt\/wp-json\/wp\/v2\/media?parent=2671"}],"wp:term":[{"taxonomy":"product_brand","embeddable":true,"href":"https:\/\/myshellty.com\/pt\/wp-json\/wp\/v2\/product_brand?post=2671"},{"taxonomy":"product_cat","embeddable":true,"href":"https:\/\/myshellty.com\/pt\/wp-json\/wp\/v2\/product_cat?post=2671"},{"taxonomy":"product_tag","embeddable":true,"href":"https:\/\/myshellty.com\/pt\/wp-json\/wp\/v2\/product_tag?post=2671"}],"curies":[{"name":"wp","href":"https:\/\/api.w.org\/{rel}","templated":true}]}}